{"id":13181,"date":"2023-11-04T02:35:05","date_gmt":"2023-11-04T01:35:05","guid":{"rendered":"http:\/\/innocentiemangonipiante.it\/prunus-serrulata-tai-haku\/"},"modified":"2023-11-06T15:41:48","modified_gmt":"2023-11-06T14:41:48","slug":"prunus-serrulata-tai-haku","status":"publish","type":"product","link":"https:\/\/innocentiemangonipiante.it\/fr\/prunus-serrulata-tai-haku\/","title":{"rendered":"PRUNUS serrulata &lsquo;Tai Haku&rsquo;"},"content":{"rendered":"<p>Fleur blanche, single, jusqu&rsquo;\u00e0 8 cm de diam\u00e8tre. Les jeunes feuilles sont bronz\u00e9es, apr\u00e8s vertes. Il atteint Jusqu&rsquo;\u00e0 10 m\u00e8tres de hauteur.<\/p>\n","protected":false},"excerpt":{"rendered":"<p>Fleur blanche, single, jusqu&rsquo;\u00e0 8 cm de diam\u00e8tre. Les jeunes feuilles sont bronz\u00e9es, apr\u00e8s vertes. Il atteint Jusqu&rsquo;\u00e0 10 m\u00e8tres de hauteur.<\/p>\n","protected":false},"featured_media":4993,"template":"","meta":{"_acf_changed":false},"product_brand":[],"product_cat":[8812],"product_tag":[10897,8596,8400],"class_list":{"0":"post-13181","1":"product","2":"type-product","3":"status-publish","4":"has-post-thumbnail","6":"product_cat-arbres-et-arbustes-a-feuilles-caduques","7":"product_tag-naturelle","8":"product_tag-cepee","9":"product_tag-tige","10":"pa_altezza-massima-500-fr","11":"pa_altezza-massima-1000-fr-2","12":"pa_colore-fioritura-blanc","13":"pa_condizionamento-clt-fr","14":"pa_condizionamento-motte","15":"pa_famiglia-rosaceae-fr","16":"pa_genere-prunus-fr","17":"pa_inquinamento-resistance-a-la-pollution","18":"pa_origine-asie-orientale","19":"pa_periodo-fioritura-avril","20":"pa_portamento-arrondi","21":"pa_resistenza-climatica-tres-elevee","22":"pa_resistenza-del-suolo-resistant-aux-sols-calcaires","23":"pa_utilizzo-parcs","24":"pa_utilizzo-petits-jardins","26":"first","27":"instock","28":"purchasable","29":"product-type-simple"},"acf":[],"_links":{"self":[{"href":"https:\/\/innocentiemangonipiante.it\/fr\/wp-json\/wp\/v2\/product\/13181","targetHints":{"allow":["GET"]}}],"collection":[{"href":"https:\/\/innocentiemangonipiante.it\/fr\/wp-json\/wp\/v2\/product"}],"about":[{"href":"https:\/\/innocentiemangonipiante.it\/fr\/wp-json\/wp\/v2\/types\/product"}],"wp:featuredmedia":[{"embeddable":true,"href":"https:\/\/innocentiemangonipiante.it\/fr\/wp-json\/wp\/v2\/media\/4993"}],"wp:attachment":[{"href":"https:\/\/innocentiemangonipiante.it\/fr\/wp-json\/wp\/v2\/media?parent=13181"}],"wp:term":[{"taxonomy":"product_brand","embeddable":true,"href":"https:\/\/innocentiemangonipiante.it\/fr\/wp-json\/wp\/v2\/product_brand?post=13181"},{"taxonomy":"product_cat","embeddable":true,"href":"https:\/\/innocentiemangonipiante.it\/fr\/wp-json\/wp\/v2\/product_cat?post=13181"},{"taxonomy":"product_tag","embeddable":true,"href":"https:\/\/innocentiemangonipiante.it\/fr\/wp-json\/wp\/v2\/product_tag?post=13181"}],"curies":[{"name":"wp","href":"https:\/\/api.w.org\/{rel}","templated":true}]}}