{"id":13182,"date":"2023-11-04T02:34:52","date_gmt":"2023-11-04T01:34:52","guid":{"rendered":"http:\/\/innocentiemangonipiante.it\/prunus-serrulata-shirotae\/"},"modified":"2023-11-06T15:41:42","modified_gmt":"2023-11-06T14:41:42","slug":"prunus-serrulata-shirotae","status":"publish","type":"product","link":"https:\/\/innocentiemangonipiante.it\/fr\/prunus-serrulata-shirotae\/","title":{"rendered":"PRUNUS serrulata &lsquo;Shirotae&rsquo;"},"content":{"rendered":"<p>Arbre \u00e0 d\u00e9veloppement r\u00e9duit et \u00e9largi avec ramification presque horizontale. Fleurs blanches semi doubles.<\/p>\n","protected":false},"excerpt":{"rendered":"<p>Arbre \u00e0 d\u00e9veloppement r\u00e9duit et \u00e9largi avec ramification presque horizontale. Fleurs blanches semi doubles.<\/p>\n","protected":false},"featured_media":4981,"template":"","meta":{"_acf_changed":false},"product_brand":[],"product_cat":[8812],"product_tag":[10897,8400],"class_list":{"0":"post-13182","1":"product","2":"type-product","3":"status-publish","4":"has-post-thumbnail","6":"product_cat-arbres-et-arbustes-a-feuilles-caduques","7":"product_tag-naturelle","8":"product_tag-tige","9":"pa_altezza-massima-500-fr","10":"pa_altezza-massima-800-fr","11":"pa_colore-fioritura-blanc","12":"pa_condizionamento-motte","13":"pa_famiglia-rosaceae-fr","14":"pa_genere-prunus-fr","15":"pa_inquinamento-resistance-a-la-pollution","16":"pa_origine-asie-orientale","17":"pa_periodo-fioritura-avril","18":"pa_portamento-eretto-fr","19":"pa_resistenza-climatica-tres-elevee","20":"pa_resistenza-del-suolo-resistant-aux-sols-calcaires","21":"pa_utilizzo-parcs","23":"first","24":"instock","25":"purchasable","26":"product-type-simple"},"acf":[],"_links":{"self":[{"href":"https:\/\/innocentiemangonipiante.it\/fr\/wp-json\/wp\/v2\/product\/13182","targetHints":{"allow":["GET"]}}],"collection":[{"href":"https:\/\/innocentiemangonipiante.it\/fr\/wp-json\/wp\/v2\/product"}],"about":[{"href":"https:\/\/innocentiemangonipiante.it\/fr\/wp-json\/wp\/v2\/types\/product"}],"wp:featuredmedia":[{"embeddable":true,"href":"https:\/\/innocentiemangonipiante.it\/fr\/wp-json\/wp\/v2\/media\/4981"}],"wp:attachment":[{"href":"https:\/\/innocentiemangonipiante.it\/fr\/wp-json\/wp\/v2\/media?parent=13182"}],"wp:term":[{"taxonomy":"product_brand","embeddable":true,"href":"https:\/\/innocentiemangonipiante.it\/fr\/wp-json\/wp\/v2\/product_brand?post=13182"},{"taxonomy":"product_cat","embeddable":true,"href":"https:\/\/innocentiemangonipiante.it\/fr\/wp-json\/wp\/v2\/product_cat?post=13182"},{"taxonomy":"product_tag","embeddable":true,"href":"https:\/\/innocentiemangonipiante.it\/fr\/wp-json\/wp\/v2\/product_tag?post=13182"}],"curies":[{"name":"wp","href":"https:\/\/api.w.org\/{rel}","templated":true}]}}