{"id":13184,"date":"2023-11-04T02:34:58","date_gmt":"2023-11-04T01:34:58","guid":{"rendered":"http:\/\/innocentiemangonipiante.it\/prunus-serrulata-sunset-boulevard\/"},"modified":"2023-11-06T15:41:45","modified_gmt":"2023-11-06T14:41:45","slug":"prunus-serrulata-sunset-boulevard","status":"publish","type":"product","link":"https:\/\/innocentiemangonipiante.it\/fr\/prunus-serrulata-sunset-boulevard\/","title":{"rendered":"PRUNUS serrulata &lsquo;Sunset Boulevard&rsquo;"},"content":{"rendered":"<p>Arbre moyen avec port largement ov\u00e9. Il produit des grandes fleurs simples bord\u00e9es de rose. La jeune pousse est de couleur cuivre, en \u00e9t\u00e9 de couleur verte et jaune dor\u00e9e \u00e0 l&rsquo;automne.<\/p>\n","protected":false},"excerpt":{"rendered":"<p>Arbre moyen avec port largement ov\u00e9. Il produit des grandes fleurs simples bord\u00e9es de rose. La jeune pousse est de couleur cuivre, en \u00e9t\u00e9 de couleur verte et jaune dor\u00e9e \u00e0 l&rsquo;automne.<\/p>\n","protected":false},"featured_media":4987,"template":"","meta":{"_acf_changed":false},"product_brand":[],"product_cat":[8812],"product_tag":[10897,8400],"class_list":{"0":"post-13184","1":"product","2":"type-product","3":"status-publish","4":"has-post-thumbnail","6":"product_cat-arbres-et-arbustes-a-feuilles-caduques","7":"product_tag-naturelle","8":"product_tag-tige","9":"pa_altezza-massima-300-fr-2","10":"pa_altezza-massima-600-fr","11":"pa_colore-fioritura-blanc","12":"pa_condizionamento-clt-fr","13":"pa_condizionamento-motte","14":"pa_famiglia-rosaceae-fr","15":"pa_genere-prunus-fr","16":"pa_inquinamento-resistance-a-la-pollution","17":"pa_origine-origine-delle-piante-u-s-a","18":"pa_periodo-fioritura-avril","19":"pa_portamento-arrondi","20":"pa_resistenza-climatica-tres-elevee","21":"pa_resistenza-del-suolo-resistant-aux-sols-calcaires","22":"pa_utilizzo-parcs","23":"pa_utilizzo-petits-jardins","25":"first","26":"instock","27":"purchasable","28":"product-type-simple"},"acf":[],"_links":{"self":[{"href":"https:\/\/innocentiemangonipiante.it\/fr\/wp-json\/wp\/v2\/product\/13184","targetHints":{"allow":["GET"]}}],"collection":[{"href":"https:\/\/innocentiemangonipiante.it\/fr\/wp-json\/wp\/v2\/product"}],"about":[{"href":"https:\/\/innocentiemangonipiante.it\/fr\/wp-json\/wp\/v2\/types\/product"}],"wp:featuredmedia":[{"embeddable":true,"href":"https:\/\/innocentiemangonipiante.it\/fr\/wp-json\/wp\/v2\/media\/4987"}],"wp:attachment":[{"href":"https:\/\/innocentiemangonipiante.it\/fr\/wp-json\/wp\/v2\/media?parent=13184"}],"wp:term":[{"taxonomy":"product_brand","embeddable":true,"href":"https:\/\/innocentiemangonipiante.it\/fr\/wp-json\/wp\/v2\/product_brand?post=13184"},{"taxonomy":"product_cat","embeddable":true,"href":"https:\/\/innocentiemangonipiante.it\/fr\/wp-json\/wp\/v2\/product_cat?post=13184"},{"taxonomy":"product_tag","embeddable":true,"href":"https:\/\/innocentiemangonipiante.it\/fr\/wp-json\/wp\/v2\/product_tag?post=13184"}],"curies":[{"name":"wp","href":"https:\/\/api.w.org\/{rel}","templated":true}]}}