{"id":13186,"date":"2023-11-04T02:34:14","date_gmt":"2023-11-04T01:34:14","guid":{"rendered":"http:\/\/innocentiemangonipiante.it\/prunus-serrulata-kanzan\/"},"modified":"2023-11-06T15:41:24","modified_gmt":"2023-11-06T14:41:24","slug":"prunus-serrulata-kanzan","status":"publish","type":"product","link":"https:\/\/innocentiemangonipiante.it\/fr\/prunus-serrulata-kanzan\/","title":{"rendered":"PRUNUS serrulata &lsquo;Kanzan&rsquo;"},"content":{"rendered":"<p>Arbre ou arbuste moyen \u00e0 feuilles caduques et au port \u00e9rig\u00e9. Les feuilles sont ov\u00e9es, d\u2019abord bronz\u00e9es puis vertes fonc\u00e9es, d\u2019une longueur de 10 cm. Fleurs doubles de couleur rose intense en petits groupes de 2 \u00e0 5 \u00e9l\u00e9ments en mai.<\/p>\n","protected":false},"excerpt":{"rendered":"<p>Arbre ou arbuste moyen \u00e0 feuilles caduques et au port \u00e9rig\u00e9. Les feuilles sont ov\u00e9es, d\u2019abord bronz\u00e9es puis vertes fonc\u00e9es, d\u2019une longueur de 10 cm. Fleurs doubles de couleur rose intense en petits groupes de 2 \u00e0 5 \u00e9l\u00e9ments en mai.<\/p>\n","protected":false},"featured_media":4957,"template":"","meta":{"_acf_changed":false},"product_brand":[],"product_cat":[8812],"product_tag":[10897,6255,8400],"class_list":{"0":"post-13186","1":"product","2":"type-product","3":"status-publish","4":"has-post-thumbnail","6":"product_cat-arbres-et-arbustes-a-feuilles-caduques","7":"product_tag-naturelle","8":"product_tag-demi-tige","9":"product_tag-tige","10":"pa_altezza-massima-500-fr","11":"pa_altezza-massima-1000-fr-2","12":"pa_arte-topiaria-disponible-plante-en-forme","13":"pa_colore-fioritura-rose","14":"pa_condizionamento-clt-fr","15":"pa_condizionamento-motte","16":"pa_famiglia-rosaceae-fr","17":"pa_genere-prunus-fr","18":"pa_inquinamento-resistance-a-la-pollution","19":"pa_origine-asie-orientale","20":"pa_periodo-fioritura-mai","21":"pa_portamento-eretto-fr","22":"pa_profumo-delicat","23":"pa_resistenza-climatica-tres-elevee","24":"pa_resistenza-del-suolo-resistant-aux-sols-calcaires","25":"pa_utilizzo-avenues-fr","26":"pa_utilizzo-parcs","28":"first","29":"instock","30":"purchasable","31":"product-type-simple"},"acf":[],"_links":{"self":[{"href":"https:\/\/innocentiemangonipiante.it\/fr\/wp-json\/wp\/v2\/product\/13186","targetHints":{"allow":["GET"]}}],"collection":[{"href":"https:\/\/innocentiemangonipiante.it\/fr\/wp-json\/wp\/v2\/product"}],"about":[{"href":"https:\/\/innocentiemangonipiante.it\/fr\/wp-json\/wp\/v2\/types\/product"}],"wp:featuredmedia":[{"embeddable":true,"href":"https:\/\/innocentiemangonipiante.it\/fr\/wp-json\/wp\/v2\/media\/4957"}],"wp:attachment":[{"href":"https:\/\/innocentiemangonipiante.it\/fr\/wp-json\/wp\/v2\/media?parent=13186"}],"wp:term":[{"taxonomy":"product_brand","embeddable":true,"href":"https:\/\/innocentiemangonipiante.it\/fr\/wp-json\/wp\/v2\/product_brand?post=13186"},{"taxonomy":"product_cat","embeddable":true,"href":"https:\/\/innocentiemangonipiante.it\/fr\/wp-json\/wp\/v2\/product_cat?post=13186"},{"taxonomy":"product_tag","embeddable":true,"href":"https:\/\/innocentiemangonipiante.it\/fr\/wp-json\/wp\/v2\/product_tag?post=13186"}],"curies":[{"name":"wp","href":"https:\/\/api.w.org\/{rel}","templated":true}]}}