{"id":13188,"date":"2023-11-04T02:33:54","date_gmt":"2023-11-04T01:33:54","guid":{"rendered":"http:\/\/innocentiemangonipiante.it\/prunus-sargentii-rancho\/"},"modified":"2023-11-06T15:41:15","modified_gmt":"2023-11-06T14:41:15","slug":"prunus-sargentii-rancho","status":"publish","type":"product","link":"https:\/\/innocentiemangonipiante.it\/fr\/prunus-sargentii-rancho\/","title":{"rendered":"PRUNUS sargentii &lsquo;Rancho&rsquo;"},"content":{"rendered":"<p>Le plus petit de l&rsquo;esp\u00e8ce, a un port plus erect et la t\u00eate de forme \u00e9vas\u00e9e. Les feuilles naissent bruns, et devient verts dans l&rsquo;\u00e9t\u00e9. Les couleurs d&rsquo;automne sont rouge et orange. \u00c0 mi-Avril fleurs roses couvrent l&rsquo;arbre, suivies par fruits orange, rouge et violet-noir.<\/p>\n","protected":false},"excerpt":{"rendered":"<p>Le plus petit de l&rsquo;esp\u00e8ce, a un port plus erect et la t\u00eate de forme \u00e9vas\u00e9e. Les feuilles naissent bruns, et devient verts dans l&rsquo;\u00e9t\u00e9. Les couleurs d&rsquo;automne sont rouge et orange. \u00c0 mi-Avril fleurs roses couvrent l&rsquo;arbre, suivies par fruits orange, rouge et violet-noir.<\/p>\n","protected":false},"featured_media":24053,"template":"","meta":{"_acf_changed":false},"product_brand":[],"product_cat":[8812],"product_tag":[10897,8596,8400],"class_list":{"0":"post-13188","1":"product","2":"type-product","3":"status-publish","4":"has-post-thumbnail","6":"product_cat-arbres-et-arbustes-a-feuilles-caduques","7":"product_tag-naturelle","8":"product_tag-cepee","9":"product_tag-tige","10":"pa_altezza-massima-500-fr","11":"pa_altezza-massima-800-fr","12":"pa_colore-fioritura-rose","13":"pa_condizionamento-clt-fr","14":"pa_condizionamento-motte","15":"pa_famiglia-rosaceae-fr","16":"pa_genere-prunus-fr","17":"pa_inquinamento-resistance-a-la-pollution","18":"pa_origine-origine-delle-piante-u-s-a","19":"pa_periodo-fioritura-avril","20":"pa_portamento-de-colonne","21":"pa_resistenza-climatica-tres-elevee","22":"pa_resistenza-del-suolo-resistant-aux-sols-calcaires","23":"pa_utilizzo-avenues-fr","24":"pa_utilizzo-parcs","26":"first","27":"instock","28":"purchasable","29":"product-type-simple"},"acf":[],"_links":{"self":[{"href":"https:\/\/innocentiemangonipiante.it\/fr\/wp-json\/wp\/v2\/product\/13188","targetHints":{"allow":["GET"]}}],"collection":[{"href":"https:\/\/innocentiemangonipiante.it\/fr\/wp-json\/wp\/v2\/product"}],"about":[{"href":"https:\/\/innocentiemangonipiante.it\/fr\/wp-json\/wp\/v2\/types\/product"}],"wp:featuredmedia":[{"embeddable":true,"href":"https:\/\/innocentiemangonipiante.it\/fr\/wp-json\/wp\/v2\/media\/24053"}],"wp:attachment":[{"href":"https:\/\/innocentiemangonipiante.it\/fr\/wp-json\/wp\/v2\/media?parent=13188"}],"wp:term":[{"taxonomy":"product_brand","embeddable":true,"href":"https:\/\/innocentiemangonipiante.it\/fr\/wp-json\/wp\/v2\/product_brand?post=13188"},{"taxonomy":"product_cat","embeddable":true,"href":"https:\/\/innocentiemangonipiante.it\/fr\/wp-json\/wp\/v2\/product_cat?post=13188"},{"taxonomy":"product_tag","embeddable":true,"href":"https:\/\/innocentiemangonipiante.it\/fr\/wp-json\/wp\/v2\/product_tag?post=13188"}],"curies":[{"name":"wp","href":"https:\/\/api.w.org\/{rel}","templated":true}]}}