{"id":13189,"date":"2023-11-04T02:33:47","date_gmt":"2023-11-04T01:33:47","guid":{"rendered":"http:\/\/innocentiemangonipiante.it\/prunus-sargentii\/"},"modified":"2023-11-06T15:41:13","modified_gmt":"2023-11-06T14:41:13","slug":"prunus-sargentii","status":"publish","type":"product","link":"https:\/\/innocentiemangonipiante.it\/fr\/prunus-sargentii\/","title":{"rendered":"PRUNUS sargentii"},"content":{"rendered":"<p>\u00c9corce attrayante, belle couleur du feuillage d&rsquo;automne et d\u00e9licates fleurs roses, Prunus sargentii est fortement recommand\u00e9 pour les jardins dans le paysage urbain.<\/p>\n","protected":false},"excerpt":{"rendered":"<p>\u00c9corce attrayante, belle couleur du feuillage d&rsquo;automne et d\u00e9licates fleurs roses, Prunus sargentii est fortement recommand\u00e9 pour les jardins dans le paysage urbain.<\/p>\n","protected":false},"featured_media":4949,"template":"","meta":{"_acf_changed":false},"product_brand":[],"product_cat":[8812],"product_tag":[10897,8596,8400],"class_list":{"0":"post-13189","1":"product","2":"type-product","3":"status-publish","4":"has-post-thumbnail","6":"product_cat-arbres-et-arbustes-a-feuilles-caduques","7":"product_tag-naturelle","8":"product_tag-cepee","9":"product_tag-tige","10":"pa_altezza-massima-800-fr","11":"pa_altezza-massima-12-metres","12":"pa_colore-fioritura-rose","13":"pa_condizionamento-clt-fr","14":"pa_condizionamento-motte","15":"pa_famiglia-rosaceae-fr","16":"pa_genere-prunus-fr","17":"pa_origine-asie-orientale","18":"pa_periodo-fioritura-avril","19":"pa_periodo-fioritura-mars","20":"pa_portamento-eretto-fr","21":"pa_resistenza-climatica-tres-elevee","22":"pa_utilizzo-avenues-fr","23":"pa_utilizzo-parcs","25":"first","26":"instock","27":"purchasable","28":"product-type-simple"},"acf":[],"_links":{"self":[{"href":"https:\/\/innocentiemangonipiante.it\/fr\/wp-json\/wp\/v2\/product\/13189","targetHints":{"allow":["GET"]}}],"collection":[{"href":"https:\/\/innocentiemangonipiante.it\/fr\/wp-json\/wp\/v2\/product"}],"about":[{"href":"https:\/\/innocentiemangonipiante.it\/fr\/wp-json\/wp\/v2\/types\/product"}],"wp:featuredmedia":[{"embeddable":true,"href":"https:\/\/innocentiemangonipiante.it\/fr\/wp-json\/wp\/v2\/media\/4949"}],"wp:attachment":[{"href":"https:\/\/innocentiemangonipiante.it\/fr\/wp-json\/wp\/v2\/media?parent=13189"}],"wp:term":[{"taxonomy":"product_brand","embeddable":true,"href":"https:\/\/innocentiemangonipiante.it\/fr\/wp-json\/wp\/v2\/product_brand?post=13189"},{"taxonomy":"product_cat","embeddable":true,"href":"https:\/\/innocentiemangonipiante.it\/fr\/wp-json\/wp\/v2\/product_cat?post=13189"},{"taxonomy":"product_tag","embeddable":true,"href":"https:\/\/innocentiemangonipiante.it\/fr\/wp-json\/wp\/v2\/product_tag?post=13189"}],"curies":[{"name":"wp","href":"https:\/\/api.w.org\/{rel}","templated":true}]}}