{"id":13191,"date":"2023-11-04T02:33:34","date_gmt":"2023-11-04T01:33:34","guid":{"rendered":"http:\/\/innocentiemangonipiante.it\/prunus-padus\/"},"modified":"2023-11-06T15:41:07","modified_gmt":"2023-11-06T14:41:07","slug":"prunus-padus","status":"publish","type":"product","link":"https:\/\/innocentiemangonipiante.it\/fr\/prunus-padus\/","title":{"rendered":"PRUNUS padus"},"content":{"rendered":"<p>Arbre caduque, fleurs blanches en avril\/mai au parfume d\u2019amande, tr\u00e8s abondantes. Coloration automnale jaune-rouge, petits fruits noirs pr\u00e9f\u00e9r\u00e9s par les oiseaux.<\/p>\n","protected":false},"excerpt":{"rendered":"<p>Arbre caduque, fleurs blanches en avril\/mai au parfume d\u2019amande, tr\u00e8s abondantes. Coloration automnale jaune-rouge, petits fruits noirs pr\u00e9f\u00e9r\u00e9s par les oiseaux.<\/p>\n","protected":false},"featured_media":4937,"template":"","meta":{"_acf_changed":false},"product_brand":[],"product_cat":[8812],"product_tag":[10897,8400],"class_list":{"0":"post-13191","1":"product","2":"type-product","3":"status-publish","4":"has-post-thumbnail","6":"product_cat-arbres-et-arbustes-a-feuilles-caduques","7":"product_tag-naturelle","8":"product_tag-tige","9":"pa_altezza-massima-600-fr","10":"pa_altezza-massima-900-fr","11":"pa_colore-fioritura-blanc","12":"pa_condizionamento-clt-fr","13":"pa_condizionamento-motte","14":"pa_famiglia-rosaceae-fr","15":"pa_genere-prunus-fr","16":"pa_origine-europe-centrale","17":"pa_periodo-fioritura-avril","18":"pa_periodo-fioritura-mai","19":"pa_portamento-arrondi","20":"pa_profumo-intense-fr","21":"pa_resistenza-climatica-tres-elevee","22":"pa_utilizzo-parcs","23":"pa_utilizzo-petits-jardins","25":"first","26":"instock","27":"purchasable","28":"product-type-simple"},"acf":[],"_links":{"self":[{"href":"https:\/\/innocentiemangonipiante.it\/fr\/wp-json\/wp\/v2\/product\/13191","targetHints":{"allow":["GET"]}}],"collection":[{"href":"https:\/\/innocentiemangonipiante.it\/fr\/wp-json\/wp\/v2\/product"}],"about":[{"href":"https:\/\/innocentiemangonipiante.it\/fr\/wp-json\/wp\/v2\/types\/product"}],"wp:featuredmedia":[{"embeddable":true,"href":"https:\/\/innocentiemangonipiante.it\/fr\/wp-json\/wp\/v2\/media\/4937"}],"wp:attachment":[{"href":"https:\/\/innocentiemangonipiante.it\/fr\/wp-json\/wp\/v2\/media?parent=13191"}],"wp:term":[{"taxonomy":"product_brand","embeddable":true,"href":"https:\/\/innocentiemangonipiante.it\/fr\/wp-json\/wp\/v2\/product_brand?post=13191"},{"taxonomy":"product_cat","embeddable":true,"href":"https:\/\/innocentiemangonipiante.it\/fr\/wp-json\/wp\/v2\/product_cat?post=13191"},{"taxonomy":"product_tag","embeddable":true,"href":"https:\/\/innocentiemangonipiante.it\/fr\/wp-json\/wp\/v2\/product_tag?post=13191"}],"curies":[{"name":"wp","href":"https:\/\/api.w.org\/{rel}","templated":true}]}}