{"id":13192,"date":"2023-11-04T02:30:07","date_gmt":"2023-11-04T01:30:07","guid":{"rendered":"http:\/\/innocentiemangonipiante.it\/prunus-pandora\/"},"modified":"2023-11-06T15:38:39","modified_gmt":"2023-11-06T14:38:39","slug":"prunus-pandora","status":"publish","type":"product","link":"https:\/\/innocentiemangonipiante.it\/fr\/prunus-pandora\/","title":{"rendered":"PRUNUS &lsquo;Pandora&rsquo;"},"content":{"rendered":"<p>Cet arbre petit et \u00e9l\u00e9gant avec t\u00eate de forme de colonne, donne des fleurs blanches \u00e0 la fin de Mars. Le feuillage est rouge bronz\u00e9, et au printemps tourne au vert pendant la saison. Coloration tr\u00e8s belle en automne. Il peut \u00eatre utilis\u00e9 comme arbre d&rsquo;ornement dans parcs et jardins, mais aussi comme une \u00e9l\u00e9gante arbre pour avenues.<\/p>\n","protected":false},"excerpt":{"rendered":"<p>Cet arbre petit et \u00e9l\u00e9gant avec t\u00eate de forme de colonne, donne des fleurs blanches \u00e0 la fin de Mars. Le feuillage est rouge bronz\u00e9, et au printemps tourne au vert pendant la saison. Coloration tr\u00e8s belle en automne. Il peut \u00eatre utilis\u00e9 comme arbre d&rsquo;ornement dans parcs et jardins, mais aussi comme une \u00e9l\u00e9gante [&hellip;]<\/p>\n","protected":false},"featured_media":4840,"template":"","meta":{"_acf_changed":false},"product_brand":[],"product_cat":[8812],"product_tag":[10897,8596,8400],"class_list":{"0":"post-13192","1":"product","2":"type-product","3":"status-publish","4":"has-post-thumbnail","6":"product_cat-arbres-et-arbustes-a-feuilles-caduques","7":"product_tag-naturelle","8":"product_tag-cepee","9":"product_tag-tige","10":"pa_altezza-massima-800-fr","11":"pa_altezza-massima-1000-fr-2","12":"pa_colore-fioritura-blanc","13":"pa_condizionamento-clt-fr","14":"pa_condizionamento-motte","15":"pa_famiglia-rosaceae-fr","16":"pa_genere-prunus-fr","17":"pa_inquinamento-resistance-a-la-pollution","18":"pa_origine-europe-fr","19":"pa_periodo-fioritura-mars","20":"pa_portamento-de-colonne","21":"pa_profumo-delicat","22":"pa_resistenza-climatica-tres-elevee","23":"pa_resistenza-del-suolo-resistant-aux-sols-calcaires","24":"pa_utilizzo-petits-jardins","26":"first","27":"instock","28":"purchasable","29":"product-type-simple"},"acf":[],"_links":{"self":[{"href":"https:\/\/innocentiemangonipiante.it\/fr\/wp-json\/wp\/v2\/product\/13192","targetHints":{"allow":["GET"]}}],"collection":[{"href":"https:\/\/innocentiemangonipiante.it\/fr\/wp-json\/wp\/v2\/product"}],"about":[{"href":"https:\/\/innocentiemangonipiante.it\/fr\/wp-json\/wp\/v2\/types\/product"}],"wp:featuredmedia":[{"embeddable":true,"href":"https:\/\/innocentiemangonipiante.it\/fr\/wp-json\/wp\/v2\/media\/4840"}],"wp:attachment":[{"href":"https:\/\/innocentiemangonipiante.it\/fr\/wp-json\/wp\/v2\/media?parent=13192"}],"wp:term":[{"taxonomy":"product_brand","embeddable":true,"href":"https:\/\/innocentiemangonipiante.it\/fr\/wp-json\/wp\/v2\/product_brand?post=13192"},{"taxonomy":"product_cat","embeddable":true,"href":"https:\/\/innocentiemangonipiante.it\/fr\/wp-json\/wp\/v2\/product_cat?post=13192"},{"taxonomy":"product_tag","embeddable":true,"href":"https:\/\/innocentiemangonipiante.it\/fr\/wp-json\/wp\/v2\/product_tag?post=13192"}],"curies":[{"name":"wp","href":"https:\/\/api.w.org\/{rel}","templated":true}]}}