{"id":13194,"date":"2023-11-04T02:33:21","date_gmt":"2023-11-04T01:33:21","guid":{"rendered":"http:\/\/innocentiemangonipiante.it\/prunus-maackii-amber-beauty\/"},"modified":"2023-11-06T15:41:03","modified_gmt":"2023-11-06T14:41:03","slug":"prunus-maackii-amber-beauty","status":"publish","type":"product","link":"https:\/\/innocentiemangonipiante.it\/fr\/prunus-maackii-amber-beauty\/","title":{"rendered":"PRUNUS maackii &lsquo;Amber Beauty&rsquo;"},"content":{"rendered":"<p>Arbre caduc \u00e0 croissance rapide et d&rsquo;abord \u00e9troitement conique, avec l&rsquo;\u00e2ge expans\u00e9-ov\u00e9. Ecorce lisse, luisante de couleur ambr\u00e9e.<\/p>\n","protected":false},"excerpt":{"rendered":"<p>Arbre caduc \u00e0 croissance rapide et d&rsquo;abord \u00e9troitement conique, avec l&rsquo;\u00e2ge expans\u00e9-ov\u00e9. Ecorce lisse, luisante de couleur ambr\u00e9e.<\/p>\n","protected":false},"featured_media":4931,"template":"","meta":{"_acf_changed":false},"product_brand":[],"product_cat":[8812],"product_tag":[10897,8400],"class_list":{"0":"post-13194","1":"product","2":"type-product","3":"status-publish","4":"has-post-thumbnail","6":"product_cat-arbres-et-arbustes-a-feuilles-caduques","7":"product_tag-naturelle","8":"product_tag-tige","9":"pa_altezza-massima-500-fr","10":"pa_altezza-massima-1000-fr-2","11":"pa_colore-fioritura-blanc","12":"pa_condizionamento-motte","13":"pa_famiglia-rosaceae-fr","14":"pa_genere-prunus-fr","15":"pa_origine-asie-orientale","16":"pa_periodo-fioritura-avril","17":"pa_portamento-conico-fr","18":"pa_profumo-delicat","19":"pa_resistenza-climatica-tres-elevee","20":"pa_resistenza-del-suolo-resistant-au-sol-humide","21":"pa_resistenza-del-suolo-resistant-aux-sols-calcaires","22":"pa_utilizzo-parcs","23":"pa_utilizzo-petits-jardins","25":"first","26":"instock","27":"purchasable","28":"product-type-simple"},"acf":[],"_links":{"self":[{"href":"https:\/\/innocentiemangonipiante.it\/fr\/wp-json\/wp\/v2\/product\/13194","targetHints":{"allow":["GET"]}}],"collection":[{"href":"https:\/\/innocentiemangonipiante.it\/fr\/wp-json\/wp\/v2\/product"}],"about":[{"href":"https:\/\/innocentiemangonipiante.it\/fr\/wp-json\/wp\/v2\/types\/product"}],"wp:featuredmedia":[{"embeddable":true,"href":"https:\/\/innocentiemangonipiante.it\/fr\/wp-json\/wp\/v2\/media\/4931"}],"wp:attachment":[{"href":"https:\/\/innocentiemangonipiante.it\/fr\/wp-json\/wp\/v2\/media?parent=13194"}],"wp:term":[{"taxonomy":"product_brand","embeddable":true,"href":"https:\/\/innocentiemangonipiante.it\/fr\/wp-json\/wp\/v2\/product_brand?post=13194"},{"taxonomy":"product_cat","embeddable":true,"href":"https:\/\/innocentiemangonipiante.it\/fr\/wp-json\/wp\/v2\/product_cat?post=13194"},{"taxonomy":"product_tag","embeddable":true,"href":"https:\/\/innocentiemangonipiante.it\/fr\/wp-json\/wp\/v2\/product_tag?post=13194"}],"curies":[{"name":"wp","href":"https:\/\/api.w.org\/{rel}","templated":true}]}}