{"id":13197,"date":"2023-11-04T02:32:26","date_gmt":"2023-11-04T01:32:26","guid":{"rendered":"http:\/\/innocentiemangonipiante.it\/prunus-laurocerasus-rotundifolia\/"},"modified":"2023-11-06T15:40:25","modified_gmt":"2023-11-06T14:40:25","slug":"prunus-laurocerasus-rotundifolia","status":"publish","type":"product","link":"https:\/\/innocentiemangonipiante.it\/fr\/prunus-laurocerasus-rotundifolia\/","title":{"rendered":"PRUNUS laurocerasus &lsquo;Rotundifolia&rsquo;"},"content":{"rendered":"<p>Arbuste persistant, vigoureux et \u00e9rig\u00e9, excellent pour la formation des haies. Les feuilles altern\u00e9es, d\u2019elliptiques \u00e0 oblongues et lanc\u00e9ol\u00e9es, d\u2019une longueur de 15 cm sont de couleur vert moyen, brillantes. Les fleurs blanches r\u00e9unies en petites panicules verticales sont d\u2019une longueur de 12 cm et apparaissent en mai-juin.<\/p>\n","protected":false},"excerpt":{"rendered":"<p>Arbuste persistant, vigoureux et \u00e9rig\u00e9, excellent pour la formation des haies. Les feuilles altern\u00e9es, d\u2019elliptiques \u00e0 oblongues et lanc\u00e9ol\u00e9es, d\u2019une longueur de 15 cm sont de couleur vert moyen, brillantes. Les fleurs blanches r\u00e9unies en petites panicules verticales sont d\u2019une longueur de 12 cm et apparaissent en mai-juin.<\/p>\n","protected":false},"featured_media":4913,"template":"","meta":{"_acf_changed":false},"product_brand":[],"product_cat":[8812],"product_tag":[10897,8400,8424],"class_list":{"0":"post-13197","1":"product","2":"type-product","3":"status-publish","4":"has-post-thumbnail","6":"product_cat-arbres-et-arbustes-a-feuilles-caduques","7":"product_tag-naturelle","8":"product_tag-tige","9":"product_tag-tige-espalier","10":"pa_altezza-massima-400-fr","11":"pa_altezza-massima-600-fr","12":"pa_colore-fioritura-blanc","13":"pa_condizionamento-clt-fr","14":"pa_condizionamento-motte","15":"pa_famiglia-rosaceae-fr","16":"pa_genere-prunus-fr","17":"pa_inquinamento-resistance-a-la-pollution","18":"pa_origine-france-fr","19":"pa_periodo-fioritura-juin","20":"pa_periodo-fioritura-mai","21":"pa_portamento-de-colonne","22":"pa_profumo-delicat","23":"pa_resistenza-climatica-moyenne-elevee","24":"pa_resistenza-del-suolo-resistant-aux-sols-calcaires","25":"pa_salinita-resistance-a-la-salinisation","26":"pa_utilizzo-haies","27":"pa_utilizzo-petits-jardins","29":"first","30":"instock","31":"purchasable","32":"product-type-simple"},"acf":[],"_links":{"self":[{"href":"https:\/\/innocentiemangonipiante.it\/fr\/wp-json\/wp\/v2\/product\/13197","targetHints":{"allow":["GET"]}}],"collection":[{"href":"https:\/\/innocentiemangonipiante.it\/fr\/wp-json\/wp\/v2\/product"}],"about":[{"href":"https:\/\/innocentiemangonipiante.it\/fr\/wp-json\/wp\/v2\/types\/product"}],"wp:featuredmedia":[{"embeddable":true,"href":"https:\/\/innocentiemangonipiante.it\/fr\/wp-json\/wp\/v2\/media\/4913"}],"wp:attachment":[{"href":"https:\/\/innocentiemangonipiante.it\/fr\/wp-json\/wp\/v2\/media?parent=13197"}],"wp:term":[{"taxonomy":"product_brand","embeddable":true,"href":"https:\/\/innocentiemangonipiante.it\/fr\/wp-json\/wp\/v2\/product_brand?post=13197"},{"taxonomy":"product_cat","embeddable":true,"href":"https:\/\/innocentiemangonipiante.it\/fr\/wp-json\/wp\/v2\/product_cat?post=13197"},{"taxonomy":"product_tag","embeddable":true,"href":"https:\/\/innocentiemangonipiante.it\/fr\/wp-json\/wp\/v2\/product_tag?post=13197"}],"curies":[{"name":"wp","href":"https:\/\/api.w.org\/{rel}","templated":true}]}}