{"id":13198,"date":"2023-11-04T02:32:19","date_gmt":"2023-11-04T01:32:19","guid":{"rendered":"http:\/\/innocentiemangonipiante.it\/prunus-laurocerasus-otto-luyken\/"},"modified":"2023-11-06T15:40:22","modified_gmt":"2023-11-06T14:40:22","slug":"prunus-laurocerasus-otto-luyken","status":"publish","type":"product","link":"https:\/\/innocentiemangonipiante.it\/fr\/prunus-laurocerasus-otto-luyken\/","title":{"rendered":"PRUNUS laurocerasus &lsquo;Otto Luyken&rsquo;"},"content":{"rendered":"<p>Arbuste persistant, dense, avec croissance lente. Les feuilles altern\u00e9es, \u00e9troites et pointues, mesurent jusqu\u2019\u00e0 10 cm et sont de couleur vert profond. Floraison de couleur blanche r\u00e9unie en grappes \u00e9rig\u00e9es de 12 cm en mai-juin et souvent une deuxi\u00e8me fois en automne.<\/p>\n","protected":false},"excerpt":{"rendered":"<p>Arbuste persistant, dense, avec croissance lente. Les feuilles altern\u00e9es, \u00e9troites et pointues, mesurent jusqu\u2019\u00e0 10 cm et sont de couleur vert profond. Floraison de couleur blanche r\u00e9unie en grappes \u00e9rig\u00e9es de 12 cm en mai-juin et souvent une deuxi\u00e8me fois en automne.<\/p>\n","protected":false},"featured_media":4902,"template":"","meta":{"_acf_changed":false},"product_brand":[],"product_cat":[8812],"product_tag":[10897,6265,6255],"class_list":{"0":"post-13198","1":"product","2":"type-product","3":"status-publish","4":"has-post-thumbnail","6":"product_cat-arbres-et-arbustes-a-feuilles-caduques","7":"product_tag-naturelle","8":"product_tag-boule","9":"product_tag-demi-tige","10":"pa_altezza-massima-200-fr","11":"pa_altezza-massima-300-fr-2","12":"pa_colore-fioritura-blanc","13":"pa_condizionamento-clt-fr","14":"pa_famiglia-rosaceae-fr","15":"pa_genere-prunus-fr","16":"pa_inquinamento-resistance-a-la-pollution","17":"pa_origine-hollande","18":"pa_periodo-fioritura-juin","19":"pa_periodo-fioritura-mai","20":"pa_periodo-fioritura-octobre","21":"pa_portamento-arrondi","22":"pa_profumo-delicat","23":"pa_resistenza-climatica-tres-elevee","24":"pa_resistenza-del-suolo-resistant-aux-sols-calcaires","25":"pa_salinita-resistance-a-la-salinisation","26":"pa_utilizzo-haies","27":"pa_utilizzo-petits-jardins","29":"first","30":"instock","31":"purchasable","32":"product-type-simple"},"acf":[],"_links":{"self":[{"href":"https:\/\/innocentiemangonipiante.it\/fr\/wp-json\/wp\/v2\/product\/13198","targetHints":{"allow":["GET"]}}],"collection":[{"href":"https:\/\/innocentiemangonipiante.it\/fr\/wp-json\/wp\/v2\/product"}],"about":[{"href":"https:\/\/innocentiemangonipiante.it\/fr\/wp-json\/wp\/v2\/types\/product"}],"wp:featuredmedia":[{"embeddable":true,"href":"https:\/\/innocentiemangonipiante.it\/fr\/wp-json\/wp\/v2\/media\/4902"}],"wp:attachment":[{"href":"https:\/\/innocentiemangonipiante.it\/fr\/wp-json\/wp\/v2\/media?parent=13198"}],"wp:term":[{"taxonomy":"product_brand","embeddable":true,"href":"https:\/\/innocentiemangonipiante.it\/fr\/wp-json\/wp\/v2\/product_brand?post=13198"},{"taxonomy":"product_cat","embeddable":true,"href":"https:\/\/innocentiemangonipiante.it\/fr\/wp-json\/wp\/v2\/product_cat?post=13198"},{"taxonomy":"product_tag","embeddable":true,"href":"https:\/\/innocentiemangonipiante.it\/fr\/wp-json\/wp\/v2\/product_tag?post=13198"}],"curies":[{"name":"wp","href":"https:\/\/api.w.org\/{rel}","templated":true}]}}