{"id":13199,"date":"2023-11-04T02:32:01","date_gmt":"2023-11-04T01:32:01","guid":{"rendered":"http:\/\/innocentiemangonipiante.it\/prunus-laurocerasus-novita\/"},"modified":"2023-11-06T15:39:32","modified_gmt":"2023-11-06T14:39:32","slug":"prunus-laurocerasus-novita","status":"publish","type":"product","link":"https:\/\/innocentiemangonipiante.it\/fr\/prunus-laurocerasus-novita\/","title":{"rendered":"PRUNUS laurocerasus &lsquo;Novita&rsquo;"},"content":{"rendered":"<p>Amelioration de l\u2019\u00e9sp\u00e8ce type avec feuilles plus rallong\u00e9es de couleur vert luisant.<\/p>\n","protected":false},"excerpt":{"rendered":"<p>Amelioration de l\u2019\u00e9sp\u00e8ce type avec feuilles plus rallong\u00e9es de couleur vert luisant.<\/p>\n","protected":false},"featured_media":4896,"template":"","meta":{"_acf_changed":false},"product_brand":[],"product_cat":[8812],"product_tag":[10897,6265,6255,8580,8400,8424],"class_list":{"0":"post-13199","1":"product","2":"type-product","3":"status-publish","4":"has-post-thumbnail","6":"product_cat-arbres-et-arbustes-a-feuilles-caduques","7":"product_tag-naturelle","8":"product_tag-boule","9":"product_tag-demi-tige","10":"product_tag-demi-tige-espalier","11":"product_tag-tige","12":"product_tag-tige-espalier","13":"pa_altezza-massima-400-fr","14":"pa_altezza-massima-600-fr","15":"pa_colore-fioritura-blanc","16":"pa_condizionamento-clt-fr","17":"pa_condizionamento-vs-fr","18":"pa_condizionamento-motte","19":"pa_famiglia-rosaceae-fr","20":"pa_genere-prunus-fr","21":"pa_inquinamento-resistance-a-la-pollution","22":"pa_origine-italie","23":"pa_periodo-fioritura-avril","24":"pa_periodo-fioritura-mai","25":"pa_portamento-de-colonne","26":"pa_resistenza-climatica-tres-elevee","27":"pa_resistenza-del-suolo-resistant-aux-sols-calcaires","28":"pa_salinita-resistance-a-la-salinisation","29":"pa_utilizzo-haies","30":"pa_utilizzo-parcs","31":"pa_utilizzo-petits-jardins","33":"first","34":"instock","35":"purchasable","36":"product-type-simple"},"acf":[],"_links":{"self":[{"href":"https:\/\/innocentiemangonipiante.it\/fr\/wp-json\/wp\/v2\/product\/13199","targetHints":{"allow":["GET"]}}],"collection":[{"href":"https:\/\/innocentiemangonipiante.it\/fr\/wp-json\/wp\/v2\/product"}],"about":[{"href":"https:\/\/innocentiemangonipiante.it\/fr\/wp-json\/wp\/v2\/types\/product"}],"wp:featuredmedia":[{"embeddable":true,"href":"https:\/\/innocentiemangonipiante.it\/fr\/wp-json\/wp\/v2\/media\/4896"}],"wp:attachment":[{"href":"https:\/\/innocentiemangonipiante.it\/fr\/wp-json\/wp\/v2\/media?parent=13199"}],"wp:term":[{"taxonomy":"product_brand","embeddable":true,"href":"https:\/\/innocentiemangonipiante.it\/fr\/wp-json\/wp\/v2\/product_brand?post=13199"},{"taxonomy":"product_cat","embeddable":true,"href":"https:\/\/innocentiemangonipiante.it\/fr\/wp-json\/wp\/v2\/product_cat?post=13199"},{"taxonomy":"product_tag","embeddable":true,"href":"https:\/\/innocentiemangonipiante.it\/fr\/wp-json\/wp\/v2\/product_tag?post=13199"}],"curies":[{"name":"wp","href":"https:\/\/api.w.org\/{rel}","templated":true}]}}