{"id":13200,"date":"2023-11-04T02:31:47","date_gmt":"2023-11-04T01:31:47","guid":{"rendered":"http:\/\/innocentiemangonipiante.it\/prunus-laurocerasus-latifolia\/"},"modified":"2023-11-06T15:39:27","modified_gmt":"2023-11-06T14:39:27","slug":"prunus-laurocerasus-latifolia","status":"publish","type":"product","link":"https:\/\/innocentiemangonipiante.it\/fr\/prunus-laurocerasus-latifolia\/","title":{"rendered":"PRUNUS laurocerasus &lsquo;Latifolia&rsquo;"},"content":{"rendered":"<p>Arbuste persistant \u00e0 l\u2019aspect touffu et buissonnant. Les feuilles sont oblongues, luisantes, de couleur vert fonc\u00e9 dessus et vert clair sur la face inf\u00e9rieure. A partir de la moiti\u00e9 du printemps, il porte des fleurs en coupe, blanches et parfum\u00e9es suivies de fruits en forme de baie.<\/p>\n","protected":false},"excerpt":{"rendered":"<p>Arbuste persistant \u00e0 l\u2019aspect touffu et buissonnant. Les feuilles sont oblongues, luisantes, de couleur vert fonc\u00e9 dessus et vert clair sur la face inf\u00e9rieure. A partir de la moiti\u00e9 du printemps, il porte des fleurs en coupe, blanches et parfum\u00e9es suivies de fruits en forme de baie.<\/p>\n","protected":false},"featured_media":4890,"template":"","meta":{"_acf_changed":false},"product_brand":[],"product_cat":[8812],"product_tag":[10897],"class_list":{"0":"post-13200","1":"product","2":"type-product","3":"status-publish","4":"has-post-thumbnail","6":"product_cat-arbres-et-arbustes-a-feuilles-caduques","7":"product_tag-naturelle","8":"pa_altezza-massima-500-fr","9":"pa_altezza-massima-800-fr","10":"pa_colore-fioritura-blanc","11":"pa_famiglia-rosaceae-fr","12":"pa_genere-prunus-fr","13":"pa_inquinamento-resistance-a-la-pollution","14":"pa_origine-sud-de-leurope-fr","15":"pa_periodo-fioritura-mai","16":"pa_periodo-fruttificazione-juillet","17":"pa_portamento-arrondi","18":"pa_profumo-delicat","19":"pa_resistenza-climatica-tres-elevee","20":"pa_resistenza-del-suolo-resistant-aux-sols-calcaires","21":"pa_salinita-resistance-a-la-salinisation","22":"pa_utilizzo-haies","23":"pa_utilizzo-parcs","24":"pa_utilizzo-petits-jardins","26":"first","27":"instock","28":"purchasable","29":"product-type-simple"},"acf":[],"_links":{"self":[{"href":"https:\/\/innocentiemangonipiante.it\/fr\/wp-json\/wp\/v2\/product\/13200","targetHints":{"allow":["GET"]}}],"collection":[{"href":"https:\/\/innocentiemangonipiante.it\/fr\/wp-json\/wp\/v2\/product"}],"about":[{"href":"https:\/\/innocentiemangonipiante.it\/fr\/wp-json\/wp\/v2\/types\/product"}],"wp:featuredmedia":[{"embeddable":true,"href":"https:\/\/innocentiemangonipiante.it\/fr\/wp-json\/wp\/v2\/media\/4890"}],"wp:attachment":[{"href":"https:\/\/innocentiemangonipiante.it\/fr\/wp-json\/wp\/v2\/media?parent=13200"}],"wp:term":[{"taxonomy":"product_brand","embeddable":true,"href":"https:\/\/innocentiemangonipiante.it\/fr\/wp-json\/wp\/v2\/product_brand?post=13200"},{"taxonomy":"product_cat","embeddable":true,"href":"https:\/\/innocentiemangonipiante.it\/fr\/wp-json\/wp\/v2\/product_cat?post=13200"},{"taxonomy":"product_tag","embeddable":true,"href":"https:\/\/innocentiemangonipiante.it\/fr\/wp-json\/wp\/v2\/product_tag?post=13200"}],"curies":[{"name":"wp","href":"https:\/\/api.w.org\/{rel}","templated":true}]}}