{"id":13201,"date":"2023-11-04T02:31:26","date_gmt":"2023-11-04T01:31:26","guid":{"rendered":"http:\/\/innocentiemangonipiante.it\/prunus-laurocerasus-genolia\/"},"modified":"2023-11-06T15:39:17","modified_gmt":"2023-11-06T14:39:17","slug":"prunus-laurocerasus-genolia","status":"publish","type":"product","link":"https:\/\/innocentiemangonipiante.it\/fr\/prunus-laurocerasus-genolia\/","title":{"rendered":"PRUNUS laurocerasus &lsquo;Genolia&rsquo; \u00ae"},"content":{"rendered":"<p>Plante au port \u00e9rig\u00e9, r\u00e9gulier, de forme \u00e9troite. Feuillage dense, ne se d\u00e9garnissant pas de la base en vieillissant. Feuilles vert fonc\u00e9 luisant, tr\u00e8s l\u00e9g\u00e8rement dentel\u00e9es sur le tiers sup\u00e9rieur. R\u00e9sisant au gel et \u00e0 la neige.<\/p>\n","protected":false},"excerpt":{"rendered":"<p>Plante au port \u00e9rig\u00e9, r\u00e9gulier, de forme \u00e9troite. Feuillage dense, ne se d\u00e9garnissant pas de la base en vieillissant. Feuilles vert fonc\u00e9 luisant, tr\u00e8s l\u00e9g\u00e8rement dentel\u00e9es sur le tiers sup\u00e9rieur. R\u00e9sisant au gel et \u00e0 la neige.<\/p>\n","protected":false},"featured_media":4884,"template":"","meta":{"_acf_changed":false},"product_brand":[],"product_cat":[8812],"product_tag":[10897],"class_list":{"0":"post-13201","1":"product","2":"type-product","3":"status-publish","4":"has-post-thumbnail","6":"product_cat-arbres-et-arbustes-a-feuilles-caduques","7":"product_tag-naturelle","8":"pa_altezza-massima-500-fr","9":"pa_altezza-massima-800-fr","10":"pa_colore-fioritura-blanc","11":"pa_condizionamento-clt-fr","12":"pa_condizionamento-vs-fr","13":"pa_condizionamento-motte","14":"pa_famiglia-rosaceae-fr","15":"pa_genere-prunus-fr","16":"pa_inquinamento-resistance-a-la-pollution","17":"pa_origine-suisse","18":"pa_periodo-fioritura-avril","19":"pa_portamento-arrondi","20":"pa_resistenza-climatica-tres-elevee","21":"pa_resistenza-del-suolo-resistant-aux-sols-calcaires","22":"pa_salinita-resistance-a-la-salinisation","23":"pa_utilizzo-haies","24":"pa_utilizzo-parcs","25":"pa_utilizzo-petits-jardins","27":"first","28":"instock","29":"purchasable","30":"product-type-simple"},"acf":[],"_links":{"self":[{"href":"https:\/\/innocentiemangonipiante.it\/fr\/wp-json\/wp\/v2\/product\/13201","targetHints":{"allow":["GET"]}}],"collection":[{"href":"https:\/\/innocentiemangonipiante.it\/fr\/wp-json\/wp\/v2\/product"}],"about":[{"href":"https:\/\/innocentiemangonipiante.it\/fr\/wp-json\/wp\/v2\/types\/product"}],"wp:featuredmedia":[{"embeddable":true,"href":"https:\/\/innocentiemangonipiante.it\/fr\/wp-json\/wp\/v2\/media\/4884"}],"wp:attachment":[{"href":"https:\/\/innocentiemangonipiante.it\/fr\/wp-json\/wp\/v2\/media?parent=13201"}],"wp:term":[{"taxonomy":"product_brand","embeddable":true,"href":"https:\/\/innocentiemangonipiante.it\/fr\/wp-json\/wp\/v2\/product_brand?post=13201"},{"taxonomy":"product_cat","embeddable":true,"href":"https:\/\/innocentiemangonipiante.it\/fr\/wp-json\/wp\/v2\/product_cat?post=13201"},{"taxonomy":"product_tag","embeddable":true,"href":"https:\/\/innocentiemangonipiante.it\/fr\/wp-json\/wp\/v2\/product_tag?post=13201"}],"curies":[{"name":"wp","href":"https:\/\/api.w.org\/{rel}","templated":true}]}}