{"id":13202,"date":"2023-11-04T02:31:19","date_gmt":"2023-11-04T01:31:19","guid":{"rendered":"http:\/\/innocentiemangonipiante.it\/prunus-laurocerasus-etna\/"},"modified":"2023-11-06T15:39:14","modified_gmt":"2023-11-06T14:39:14","slug":"prunus-laurocerasus-etna","status":"publish","type":"product","link":"https:\/\/innocentiemangonipiante.it\/fr\/prunus-laurocerasus-etna\/","title":{"rendered":"PRUNUS laurocerasus &lsquo;Etna&rsquo; \u00ae"},"content":{"rendered":"<p>Arbuste persistant, d\u00e9veloppement moyen, mais vigoureux, dense feuillage vert fonc\u00e9 avec une v\u00e9g\u00e9tation jeune couleur bronze. R\u00e9sistant au froid.<\/p>\n","protected":false},"excerpt":{"rendered":"<p>Arbuste persistant, d\u00e9veloppement moyen, mais vigoureux, dense feuillage vert fonc\u00e9 avec une v\u00e9g\u00e9tation jeune couleur bronze. R\u00e9sistant au froid.<\/p>\n","protected":false},"featured_media":4878,"template":"","meta":{"_acf_changed":false},"product_brand":[],"product_cat":[8812],"product_tag":[10897],"class_list":{"0":"post-13202","1":"product","2":"type-product","3":"status-publish","4":"has-post-thumbnail","6":"product_cat-arbres-et-arbustes-a-feuilles-caduques","7":"product_tag-naturelle","8":"pa_altezza-massima-200-fr","9":"pa_altezza-massima-300-fr-2","10":"pa_condizionamento-clt-fr","11":"pa_famiglia-rosaceae-fr","12":"pa_genere-prunus-fr","13":"pa_inquinamento-resistance-a-la-pollution","14":"pa_origine-france-fr","15":"pa_portamento-arrondi","16":"pa_resistenza-climatica-tres-elevee","17":"pa_resistenza-del-suolo-resistant-aux-sols-calcaires","18":"pa_salinita-resistance-a-la-salinisation","19":"pa_utilizzo-haies","20":"pa_utilizzo-parcs","21":"pa_utilizzo-petits-jardins","23":"first","24":"instock","25":"purchasable","26":"product-type-simple"},"acf":[],"_links":{"self":[{"href":"https:\/\/innocentiemangonipiante.it\/fr\/wp-json\/wp\/v2\/product\/13202","targetHints":{"allow":["GET"]}}],"collection":[{"href":"https:\/\/innocentiemangonipiante.it\/fr\/wp-json\/wp\/v2\/product"}],"about":[{"href":"https:\/\/innocentiemangonipiante.it\/fr\/wp-json\/wp\/v2\/types\/product"}],"wp:featuredmedia":[{"embeddable":true,"href":"https:\/\/innocentiemangonipiante.it\/fr\/wp-json\/wp\/v2\/media\/4878"}],"wp:attachment":[{"href":"https:\/\/innocentiemangonipiante.it\/fr\/wp-json\/wp\/v2\/media?parent=13202"}],"wp:term":[{"taxonomy":"product_brand","embeddable":true,"href":"https:\/\/innocentiemangonipiante.it\/fr\/wp-json\/wp\/v2\/product_brand?post=13202"},{"taxonomy":"product_cat","embeddable":true,"href":"https:\/\/innocentiemangonipiante.it\/fr\/wp-json\/wp\/v2\/product_cat?post=13202"},{"taxonomy":"product_tag","embeddable":true,"href":"https:\/\/innocentiemangonipiante.it\/fr\/wp-json\/wp\/v2\/product_tag?post=13202"}],"curies":[{"name":"wp","href":"https:\/\/api.w.org\/{rel}","templated":true}]}}