{"id":13203,"date":"2023-11-04T02:35:58","date_gmt":"2023-11-04T01:35:58","guid":{"rendered":"http:\/\/innocentiemangonipiante.it\/prunus-x-hillieri-spire\/"},"modified":"2023-11-06T15:42:10","modified_gmt":"2023-11-06T14:42:10","slug":"prunus-x-hillieri-spire","status":"publish","type":"product","link":"https:\/\/innocentiemangonipiante.it\/fr\/prunus-x-hillieri-spire\/","title":{"rendered":"PRUNUS x hillieri &lsquo;Spire&rsquo;"},"content":{"rendered":"<p>Un des plus petits et attrayants arbres de rue est \u00e9galement excellent dans parcs et jardins. Avec son port \u00e9rig\u00e9 et la perfusion de fleurs roses, est id\u00e9al pour la majorit\u00e9 des sites o\u00f9 l&rsquo;espace est limit\u00e9.<\/p>\n","protected":false},"excerpt":{"rendered":"<p>Un des plus petits et attrayants arbres de rue est \u00e9galement excellent dans parcs et jardins. Avec son port \u00e9rig\u00e9 et la perfusion de fleurs roses, est id\u00e9al pour la majorit\u00e9 des sites o\u00f9 l&rsquo;espace est limit\u00e9.<\/p>\n","protected":false},"featured_media":24089,"template":"","meta":{"_acf_changed":false},"product_brand":[],"product_cat":[8812],"product_tag":[10897,8400],"class_list":{"0":"post-13203","1":"product","2":"type-product","3":"status-publish","4":"has-post-thumbnail","6":"product_cat-arbres-et-arbustes-a-feuilles-caduques","7":"product_tag-naturelle","8":"product_tag-tige","9":"pa_altezza-massima-800-fr","10":"pa_altezza-massima-1000-fr-2","11":"pa_colore-fioritura-rose","12":"pa_condizionamento-motte","13":"pa_famiglia-rosaceae-fr","14":"pa_genere-prunus-fr","15":"pa_origine-angleterre","16":"pa_periodo-fioritura-avril","17":"pa_portamento-conico-fr","18":"pa_profumo-delicat","19":"pa_resistenza-climatica-moyenne-elevee","20":"pa_utilizzo-avenues-fr","21":"pa_utilizzo-parcs","22":"pa_utilizzo-petits-jardins","24":"first","25":"instock","26":"purchasable","27":"product-type-simple"},"acf":[],"_links":{"self":[{"href":"https:\/\/innocentiemangonipiante.it\/fr\/wp-json\/wp\/v2\/product\/13203","targetHints":{"allow":["GET"]}}],"collection":[{"href":"https:\/\/innocentiemangonipiante.it\/fr\/wp-json\/wp\/v2\/product"}],"about":[{"href":"https:\/\/innocentiemangonipiante.it\/fr\/wp-json\/wp\/v2\/types\/product"}],"wp:featuredmedia":[{"embeddable":true,"href":"https:\/\/innocentiemangonipiante.it\/fr\/wp-json\/wp\/v2\/media\/24089"}],"wp:attachment":[{"href":"https:\/\/innocentiemangonipiante.it\/fr\/wp-json\/wp\/v2\/media?parent=13203"}],"wp:term":[{"taxonomy":"product_brand","embeddable":true,"href":"https:\/\/innocentiemangonipiante.it\/fr\/wp-json\/wp\/v2\/product_brand?post=13203"},{"taxonomy":"product_cat","embeddable":true,"href":"https:\/\/innocentiemangonipiante.it\/fr\/wp-json\/wp\/v2\/product_cat?post=13203"},{"taxonomy":"product_tag","embeddable":true,"href":"https:\/\/innocentiemangonipiante.it\/fr\/wp-json\/wp\/v2\/product_tag?post=13203"}],"curies":[{"name":"wp","href":"https:\/\/api.w.org\/{rel}","templated":true}]}}