{"id":13204,"date":"2023-11-04T02:30:57","date_gmt":"2023-11-04T01:30:57","guid":{"rendered":"http:\/\/innocentiemangonipiante.it\/prunus-fruticosa-globosa\/"},"modified":"2023-11-06T15:39:04","modified_gmt":"2023-11-06T14:39:04","slug":"prunus-fruticosa-globosa","status":"publish","type":"product","link":"https:\/\/innocentiemangonipiante.it\/fr\/prunus-fruticosa-globosa\/","title":{"rendered":"PRUNUS fruticosa &lsquo;Globosa&rsquo;"},"content":{"rendered":"<p>Petit arbre \u00e0 feuilles caduques au port arrondi, dense et compact. Les feuilles sont altern\u00e9es, en g\u00e9n\u00e9ral elliptiques, d\u2019une longueur de 4 \u00e0 5 cm de couleur vert fonc\u00e9. En avril-mai, il donne des petits groupes de 2-4 fleurs de couleur blanche.<\/p>\n","protected":false},"excerpt":{"rendered":"<p>Petit arbre \u00e0 feuilles caduques au port arrondi, dense et compact. Les feuilles sont altern\u00e9es, en g\u00e9n\u00e9ral elliptiques, d\u2019une longueur de 4 \u00e0 5 cm de couleur vert fonc\u00e9. En avril-mai, il donne des petits groupes de 2-4 fleurs de couleur blanche.<\/p>\n","protected":false},"featured_media":4872,"template":"","meta":{"_acf_changed":false},"product_brand":[],"product_cat":[8812],"product_tag":[10897,8400],"class_list":{"0":"post-13204","1":"product","2":"type-product","3":"status-publish","4":"has-post-thumbnail","6":"product_cat-arbres-et-arbustes-a-feuilles-caduques","7":"product_tag-naturelle","8":"product_tag-tige","9":"pa_altezza-massima-300-fr-2","10":"pa_altezza-massima-400-fr","11":"pa_colore-fioritura-blanc","12":"pa_condizionamento-clt-fr","13":"pa_condizionamento-motte","14":"pa_famiglia-rosaceae-fr","15":"pa_genere-prunus-fr","16":"pa_inquinamento-resistance-a-la-pollution","17":"pa_origine-europe-de-lest","18":"pa_periodo-fioritura-avril","19":"pa_periodo-fioritura-mai","20":"pa_portamento-arrondi","21":"pa_profumo-delicat","22":"pa_resistenza-climatica-tres-elevee","23":"pa_resistenza-del-suolo-resistant-aux-sols-calcaires","24":"pa_resistenza-del-suolo-resistant-aux-sols-secs","25":"pa_utilizzo-avenues-fr","26":"pa_utilizzo-petits-jardins","28":"first","29":"instock","30":"purchasable","31":"product-type-simple"},"acf":[],"_links":{"self":[{"href":"https:\/\/innocentiemangonipiante.it\/fr\/wp-json\/wp\/v2\/product\/13204","targetHints":{"allow":["GET"]}}],"collection":[{"href":"https:\/\/innocentiemangonipiante.it\/fr\/wp-json\/wp\/v2\/product"}],"about":[{"href":"https:\/\/innocentiemangonipiante.it\/fr\/wp-json\/wp\/v2\/types\/product"}],"wp:featuredmedia":[{"embeddable":true,"href":"https:\/\/innocentiemangonipiante.it\/fr\/wp-json\/wp\/v2\/media\/4872"}],"wp:attachment":[{"href":"https:\/\/innocentiemangonipiante.it\/fr\/wp-json\/wp\/v2\/media?parent=13204"}],"wp:term":[{"taxonomy":"product_brand","embeddable":true,"href":"https:\/\/innocentiemangonipiante.it\/fr\/wp-json\/wp\/v2\/product_brand?post=13204"},{"taxonomy":"product_cat","embeddable":true,"href":"https:\/\/innocentiemangonipiante.it\/fr\/wp-json\/wp\/v2\/product_cat?post=13204"},{"taxonomy":"product_tag","embeddable":true,"href":"https:\/\/innocentiemangonipiante.it\/fr\/wp-json\/wp\/v2\/product_tag?post=13204"}],"curies":[{"name":"wp","href":"https:\/\/api.w.org\/{rel}","templated":true}]}}