{"id":13205,"date":"2023-11-04T02:30:48","date_gmt":"2023-11-04T01:30:48","guid":{"rendered":"http:\/\/innocentiemangonipiante.it\/prunus-dulcis\/"},"modified":"2023-11-06T15:38:58","modified_gmt":"2023-11-06T14:38:58","slug":"prunus-dulcis","status":"publish","type":"product","link":"https:\/\/innocentiemangonipiante.it\/fr\/prunus-dulcis\/","title":{"rendered":"PRUNUS dulcis"},"content":{"rendered":"<p>Petit arbre, jusqu&rsquo;\u00e0 5 m\u00e8tres de hauteur, tronc jeune droit apr\u00e8s tordu et rugueux \u00e0 maturit\u00e9, fonc\u00e9. Feuilles jusqu&rsquo;\u00e0 12 cm longues, lanc\u00e9ol\u00e9es et p\u00e9tiol\u00e9es. Fleurs blanches, l\u00e9g\u00e8rement ros\u00e9es \u00e0 partir du mois de Janvier\/F\u00e9vrier.<\/p>\n","protected":false},"excerpt":{"rendered":"<p>Petit arbre, jusqu&rsquo;\u00e0 5 m\u00e8tres de hauteur, tronc jeune droit apr\u00e8s tordu et rugueux \u00e0 maturit\u00e9, fonc\u00e9. Feuilles jusqu&rsquo;\u00e0 12 cm longues, lanc\u00e9ol\u00e9es et p\u00e9tiol\u00e9es. Fleurs blanches, l\u00e9g\u00e8rement ros\u00e9es \u00e0 partir du mois de Janvier\/F\u00e9vrier.<\/p>\n","protected":false},"featured_media":4866,"template":"","meta":{"_acf_changed":false},"product_brand":[],"product_cat":[8812,9230],"product_tag":[10897,8400],"class_list":{"0":"post-13205","1":"product","2":"type-product","3":"status-publish","4":"has-post-thumbnail","6":"product_cat-arbres-et-arbustes-a-feuilles-caduques","7":"product_cat-arbres-et-plantes-du-futur","8":"product_tag-naturelle","9":"product_tag-tige","10":"pa_altezza-massima-300-fr-2","11":"pa_altezza-massima-500-fr","12":"pa_colore-fioritura-blanc","13":"pa_condizionamento-clt-fr","14":"pa_condizionamento-motte","15":"pa_famiglia-rosaceae-fr","16":"pa_genere-prunus-fr","17":"pa_origine-balkans-fr","18":"pa_periodo-fioritura-fevrier","19":"pa_periodo-fioritura-janvier","20":"pa_periodo-fruttificazione-aout","21":"pa_periodo-fruttificazione-septembre","22":"pa_portamento-arrondi","23":"pa_resistenza-climatica-moyenne-elevee","24":"pa_resistenza-del-suolo-resistant-aux-sols-pauvres","25":"pa_resistenza-del-suolo-resistant-aux-sols-secs","26":"pa_utilizzo-petits-jardins","28":"first","29":"instock","30":"purchasable","31":"product-type-simple"},"acf":[],"_links":{"self":[{"href":"https:\/\/innocentiemangonipiante.it\/fr\/wp-json\/wp\/v2\/product\/13205","targetHints":{"allow":["GET"]}}],"collection":[{"href":"https:\/\/innocentiemangonipiante.it\/fr\/wp-json\/wp\/v2\/product"}],"about":[{"href":"https:\/\/innocentiemangonipiante.it\/fr\/wp-json\/wp\/v2\/types\/product"}],"wp:featuredmedia":[{"embeddable":true,"href":"https:\/\/innocentiemangonipiante.it\/fr\/wp-json\/wp\/v2\/media\/4866"}],"wp:attachment":[{"href":"https:\/\/innocentiemangonipiante.it\/fr\/wp-json\/wp\/v2\/media?parent=13205"}],"wp:term":[{"taxonomy":"product_brand","embeddable":true,"href":"https:\/\/innocentiemangonipiante.it\/fr\/wp-json\/wp\/v2\/product_brand?post=13205"},{"taxonomy":"product_cat","embeddable":true,"href":"https:\/\/innocentiemangonipiante.it\/fr\/wp-json\/wp\/v2\/product_cat?post=13205"},{"taxonomy":"product_tag","embeddable":true,"href":"https:\/\/innocentiemangonipiante.it\/fr\/wp-json\/wp\/v2\/product_tag?post=13205"}],"curies":[{"name":"wp","href":"https:\/\/api.w.org\/{rel}","templated":true}]}}