{"id":13206,"date":"2023-11-04T02:30:42","date_gmt":"2023-11-04T01:30:42","guid":{"rendered":"http:\/\/innocentiemangonipiante.it\/prunus-cerasifera-nigra\/"},"modified":"2023-11-06T15:38:55","modified_gmt":"2023-11-06T14:38:55","slug":"prunus-cerasifera-nigra","status":"publish","type":"product","link":"https:\/\/innocentiemangonipiante.it\/fr\/prunus-cerasifera-nigra\/","title":{"rendered":"PRUNUS cerasifera &lsquo;Nigra&rsquo;"},"content":{"rendered":"<p>Arbuste ou petit arbre \u00e0 feuilles caduques au port d\u2019abord conique et \u00e9rig\u00e9, arrondi de fa\u00e7on irr\u00e9guli\u00e8re ensuite. Les feuilles altern\u00e9es, elliptiques-ovo\u00efdales, sont de couleur marrone-rouge-pourpre fonc\u00e9. Donne des fleurs de couleur rose lumineux de 2 cm de diam\u00e8tre peu avant l\u2019apparition des feuilles. Supportant la s\u00e9cheresse, est bien adapte aux conditions urbaines et tout autre type de situation.<\/p>\n","protected":false},"excerpt":{"rendered":"<p>Arbuste ou petit arbre \u00e0 feuilles caduques au port d\u2019abord conique et \u00e9rig\u00e9, arrondi de fa\u00e7on irr\u00e9guli\u00e8re ensuite. Les feuilles altern\u00e9es, elliptiques-ovo\u00efdales, sont de couleur marrone-rouge-pourpre fonc\u00e9. Donne des fleurs de couleur rose lumineux de 2 cm de diam\u00e8tre peu avant l\u2019apparition des feuilles. Supportant la s\u00e9cheresse, est bien adapte aux conditions urbaines et tout [&hellip;]<\/p>\n","protected":false},"featured_media":4860,"template":"","meta":{"_acf_changed":false},"product_brand":[],"product_cat":[8812,9230],"product_tag":[10897,6255,8400],"class_list":{"0":"post-13206","1":"product","2":"type-product","3":"status-publish","4":"has-post-thumbnail","6":"product_cat-arbres-et-arbustes-a-feuilles-caduques","7":"product_cat-arbres-et-plantes-du-futur","8":"product_tag-naturelle","9":"product_tag-demi-tige","10":"product_tag-tige","11":"pa_altezza-massima-800-fr","12":"pa_altezza-massima-1000-fr-2","13":"pa_colore-delle-foglie-rouge","14":"pa_colore-fioritura-rose","15":"pa_condizionamento-clt-fr","16":"pa_condizionamento-motte","17":"pa_famiglia-rosaceae-fr","18":"pa_genere-prunus-fr","19":"pa_inquinamento-resistance-a-la-pollution","20":"pa_origine-asie","21":"pa_periodo-fioritura-avril","22":"pa_portamento-arrondi","23":"pa_profumo-delicat","24":"pa_resistenza-climatica-tres-elevee","25":"pa_resistenza-del-suolo-resistant-aux-sols-calcaires","26":"pa_resistenza-del-suolo-resistant-aux-sols-secs","27":"pa_utilizzo-avenues-fr","28":"pa_utilizzo-petits-jardins","30":"first","31":"instock","32":"purchasable","33":"product-type-simple"},"acf":[],"_links":{"self":[{"href":"https:\/\/innocentiemangonipiante.it\/fr\/wp-json\/wp\/v2\/product\/13206","targetHints":{"allow":["GET"]}}],"collection":[{"href":"https:\/\/innocentiemangonipiante.it\/fr\/wp-json\/wp\/v2\/product"}],"about":[{"href":"https:\/\/innocentiemangonipiante.it\/fr\/wp-json\/wp\/v2\/types\/product"}],"wp:featuredmedia":[{"embeddable":true,"href":"https:\/\/innocentiemangonipiante.it\/fr\/wp-json\/wp\/v2\/media\/4860"}],"wp:attachment":[{"href":"https:\/\/innocentiemangonipiante.it\/fr\/wp-json\/wp\/v2\/media?parent=13206"}],"wp:term":[{"taxonomy":"product_brand","embeddable":true,"href":"https:\/\/innocentiemangonipiante.it\/fr\/wp-json\/wp\/v2\/product_brand?post=13206"},{"taxonomy":"product_cat","embeddable":true,"href":"https:\/\/innocentiemangonipiante.it\/fr\/wp-json\/wp\/v2\/product_cat?post=13206"},{"taxonomy":"product_tag","embeddable":true,"href":"https:\/\/innocentiemangonipiante.it\/fr\/wp-json\/wp\/v2\/product_tag?post=13206"}],"curies":[{"name":"wp","href":"https:\/\/api.w.org\/{rel}","templated":true}]}}