{"id":13207,"date":"2023-11-04T02:46:24","date_gmt":"2023-11-04T01:46:24","guid":{"rendered":"http:\/\/innocentiemangonipiante.it\/punica-granatum-wonderful\/"},"modified":"2023-11-06T15:47:22","modified_gmt":"2023-11-06T14:47:22","slug":"punica-granatum-wonderful","status":"publish","type":"product","link":"https:\/\/innocentiemangonipiante.it\/fr\/punica-granatum-wonderful\/","title":{"rendered":"PUNICA granatum &lsquo;Wonderful&rsquo;"},"content":{"rendered":"<p>Vari\u00e9t\u00e9 fruiti\u00e8re tr\u00e8s productive. Production de fruits de gros calibre, de couleur rouge fonc\u00e9 et \u00e0 la peau particuli\u00e8rement \u00e9paisse. Maturation d\u00e9but octobre.<\/p>\n","protected":false},"excerpt":{"rendered":"<p>Vari\u00e9t\u00e9 fruiti\u00e8re tr\u00e8s productive. Production de fruits de gros calibre, de couleur rouge fonc\u00e9 et \u00e0 la peau particuli\u00e8rement \u00e9paisse. Maturation d\u00e9but octobre.<\/p>\n","protected":false},"featured_media":24335,"template":"","meta":{"_acf_changed":false},"product_brand":[],"product_cat":[8812],"product_tag":[10897,6255,8735],"class_list":{"0":"post-13207","1":"product","2":"type-product","3":"status-publish","4":"has-post-thumbnail","6":"product_cat-arbres-et-arbustes-a-feuilles-caduques","7":"product_tag-naturelle","8":"product_tag-demi-tige","9":"product_tag-quart-de-tige","10":"pa_altezza-massima-300-fr-2","11":"pa_altezza-massima-400-fr","12":"pa_arte-topiaria-disponible-plante-en-forme","13":"pa_colore-fioritura-orange-fr","14":"pa_condizionamento-clt-fr","15":"pa_condizionamento-vs-fr","16":"pa_famiglia-punicaceae-fr","17":"pa_genere-punica-fr","18":"pa_origine-origine-delle-piante-u-s-a","19":"pa_periodo-fioritura-aout","20":"pa_periodo-fioritura-juillet","21":"pa_periodo-fioritura-juin","22":"pa_periodo-fioritura-septembre","23":"pa_periodo-fruttificazione-octobre","24":"pa_portamento-arrondi","25":"pa_resistenza-climatica-moyenne-elevee","26":"pa_resistenza-del-suolo-resistant-aux-sols-calcaires","27":"pa_resistenza-del-suolo-resistant-aux-sols-secs","28":"pa_utilizzo-petits-jardins","30":"first","31":"instock","32":"purchasable","33":"product-type-simple"},"acf":[],"_links":{"self":[{"href":"https:\/\/innocentiemangonipiante.it\/fr\/wp-json\/wp\/v2\/product\/13207","targetHints":{"allow":["GET"]}}],"collection":[{"href":"https:\/\/innocentiemangonipiante.it\/fr\/wp-json\/wp\/v2\/product"}],"about":[{"href":"https:\/\/innocentiemangonipiante.it\/fr\/wp-json\/wp\/v2\/types\/product"}],"wp:featuredmedia":[{"embeddable":true,"href":"https:\/\/innocentiemangonipiante.it\/fr\/wp-json\/wp\/v2\/media\/24335"}],"wp:attachment":[{"href":"https:\/\/innocentiemangonipiante.it\/fr\/wp-json\/wp\/v2\/media?parent=13207"}],"wp:term":[{"taxonomy":"product_brand","embeddable":true,"href":"https:\/\/innocentiemangonipiante.it\/fr\/wp-json\/wp\/v2\/product_brand?post=13207"},{"taxonomy":"product_cat","embeddable":true,"href":"https:\/\/innocentiemangonipiante.it\/fr\/wp-json\/wp\/v2\/product_cat?post=13207"},{"taxonomy":"product_tag","embeddable":true,"href":"https:\/\/innocentiemangonipiante.it\/fr\/wp-json\/wp\/v2\/product_tag?post=13207"}],"curies":[{"name":"wp","href":"https:\/\/api.w.org\/{rel}","templated":true}]}}