{"id":13208,"date":"2023-11-04T02:45:54","date_gmt":"2023-11-04T01:45:54","guid":{"rendered":"http:\/\/innocentiemangonipiante.it\/punica-granatum-mollar-de-elche\/"},"modified":"2023-11-06T15:47:10","modified_gmt":"2023-11-06T14:47:10","slug":"punica-granatum-mollar-de-elche","status":"publish","type":"product","link":"https:\/\/innocentiemangonipiante.it\/fr\/punica-granatum-mollar-de-elche\/","title":{"rendered":"PUNICA granatum &lsquo;Mollar de Elche&rsquo;"},"content":{"rendered":"<p>Vari\u00e9t\u00e9 autofertile. Production de fruits de calibre moyen-grand avec peau de couleur rouge avec des nuanc\u00e9s de jaune. Maturation en mi-octobre.<\/p>\n","protected":false},"excerpt":{"rendered":"<p>Vari\u00e9t\u00e9 autofertile. Production de fruits de calibre moyen-grand avec peau de couleur rouge avec des nuanc\u00e9s de jaune. Maturation en mi-octobre.<\/p>\n","protected":false},"featured_media":59404,"template":"","meta":{"_acf_changed":false},"product_brand":[],"product_cat":[8812],"product_tag":[10897,6255],"class_list":{"0":"post-13208","1":"product","2":"type-product","3":"status-publish","4":"has-post-thumbnail","6":"product_cat-arbres-et-arbustes-a-feuilles-caduques","7":"product_tag-naturelle","8":"product_tag-demi-tige","9":"pa_altezza-massima-300-fr-2","10":"pa_altezza-massima-400-fr","11":"pa_arte-topiaria-disponible-plante-en-forme","12":"pa_colore-fioritura-orange-fr","13":"pa_condizionamento-clt-fr","14":"pa_famiglia-punicaceae-fr","15":"pa_genere-punica-fr","16":"pa_origine-espagne","17":"pa_periodo-fioritura-aout","18":"pa_periodo-fioritura-juillet","19":"pa_periodo-fioritura-juin","20":"pa_periodo-fioritura-septembre","21":"pa_periodo-fruttificazione-octobre","22":"pa_portamento-arrondi","23":"pa_resistenza-climatica-moyenne-elevee","24":"pa_resistenza-del-suolo-resistant-aux-sols-calcaires","25":"pa_resistenza-del-suolo-resistant-aux-sols-secs","26":"pa_utilizzo-petits-jardins","28":"first","29":"instock","30":"purchasable","31":"product-type-simple"},"acf":[],"_links":{"self":[{"href":"https:\/\/innocentiemangonipiante.it\/fr\/wp-json\/wp\/v2\/product\/13208","targetHints":{"allow":["GET"]}}],"collection":[{"href":"https:\/\/innocentiemangonipiante.it\/fr\/wp-json\/wp\/v2\/product"}],"about":[{"href":"https:\/\/innocentiemangonipiante.it\/fr\/wp-json\/wp\/v2\/types\/product"}],"wp:featuredmedia":[{"embeddable":true,"href":"https:\/\/innocentiemangonipiante.it\/fr\/wp-json\/wp\/v2\/media\/59404"}],"wp:attachment":[{"href":"https:\/\/innocentiemangonipiante.it\/fr\/wp-json\/wp\/v2\/media?parent=13208"}],"wp:term":[{"taxonomy":"product_brand","embeddable":true,"href":"https:\/\/innocentiemangonipiante.it\/fr\/wp-json\/wp\/v2\/product_brand?post=13208"},{"taxonomy":"product_cat","embeddable":true,"href":"https:\/\/innocentiemangonipiante.it\/fr\/wp-json\/wp\/v2\/product_cat?post=13208"},{"taxonomy":"product_tag","embeddable":true,"href":"https:\/\/innocentiemangonipiante.it\/fr\/wp-json\/wp\/v2\/product_tag?post=13208"}],"curies":[{"name":"wp","href":"https:\/\/api.w.org\/{rel}","templated":true}]}}