{"id":13209,"date":"2023-11-04T02:45:34","date_gmt":"2023-11-04T01:45:34","guid":{"rendered":"http:\/\/innocentiemangonipiante.it\/punica-granatum-fina-tendral\/"},"modified":"2023-11-06T15:47:03","modified_gmt":"2023-11-06T14:47:03","slug":"punica-granatum-fina-tendral","status":"publish","type":"product","link":"https:\/\/innocentiemangonipiante.it\/fr\/punica-granatum-fina-tendral\/","title":{"rendered":"PUNICA granatum &lsquo;Fina Tendral&rsquo;"},"content":{"rendered":"<p>Vari\u00e9t\u00e9 fruiti\u00e8re. Fleurs doubles couleur orange vif en mai-juin. Puis fruits qui m\u00fbrissent en octobre.<\/p>\n","protected":false},"excerpt":{"rendered":"<p>Vari\u00e9t\u00e9 fruiti\u00e8re. Fleurs doubles couleur orange vif en mai-juin. Puis fruits qui m\u00fbrissent en octobre.<\/p>\n","protected":false},"featured_media":0,"template":"","meta":{"_acf_changed":false},"product_brand":[],"product_cat":[8812],"product_tag":[10897,6255],"class_list":{"0":"post-13209","1":"product","2":"type-product","3":"status-publish","5":"product_cat-arbres-et-arbustes-a-feuilles-caduques","6":"product_tag-naturelle","7":"product_tag-demi-tige","8":"pa_altezza-massima-300-fr-2","9":"pa_altezza-massima-400-fr","10":"pa_arte-topiaria-disponible-plante-en-forme","11":"pa_colore-fioritura-orange-fr","12":"pa_condizionamento-clt-fr","13":"pa_famiglia-punicaceae-fr","14":"pa_genere-punica-fr","15":"pa_origine-europe-mediterraneenne","16":"pa_periodo-fioritura-juin","17":"pa_periodo-fioritura-mai","18":"pa_periodo-fruttificazione-octobre","19":"pa_portamento-arrondi","20":"pa_resistenza-climatica-tres-elevee","21":"pa_resistenza-del-suolo-resistant-aux-sols-calcaires","22":"pa_resistenza-del-suolo-resistant-aux-sols-secs","23":"pa_utilizzo-petits-jardins","25":"first","26":"instock","27":"purchasable","28":"product-type-simple"},"acf":[],"_links":{"self":[{"href":"https:\/\/innocentiemangonipiante.it\/fr\/wp-json\/wp\/v2\/product\/13209","targetHints":{"allow":["GET"]}}],"collection":[{"href":"https:\/\/innocentiemangonipiante.it\/fr\/wp-json\/wp\/v2\/product"}],"about":[{"href":"https:\/\/innocentiemangonipiante.it\/fr\/wp-json\/wp\/v2\/types\/product"}],"wp:attachment":[{"href":"https:\/\/innocentiemangonipiante.it\/fr\/wp-json\/wp\/v2\/media?parent=13209"}],"wp:term":[{"taxonomy":"product_brand","embeddable":true,"href":"https:\/\/innocentiemangonipiante.it\/fr\/wp-json\/wp\/v2\/product_brand?post=13209"},{"taxonomy":"product_cat","embeddable":true,"href":"https:\/\/innocentiemangonipiante.it\/fr\/wp-json\/wp\/v2\/product_cat?post=13209"},{"taxonomy":"product_tag","embeddable":true,"href":"https:\/\/innocentiemangonipiante.it\/fr\/wp-json\/wp\/v2\/product_tag?post=13209"}],"curies":[{"name":"wp","href":"https:\/\/api.w.org\/{rel}","templated":true}]}}