{"id":13213,"date":"2023-11-04T02:46:52","date_gmt":"2023-11-04T01:46:52","guid":{"rendered":"http:\/\/innocentiemangonipiante.it\/pyracantha-orange-glow\/"},"modified":"2023-11-06T15:47:34","modified_gmt":"2023-11-06T14:47:34","slug":"pyracantha-orange-glow","status":"publish","type":"product","link":"https:\/\/innocentiemangonipiante.it\/fr\/pyracantha-orange-glow\/","title":{"rendered":"PYRACANTHA &lsquo;Orange Glow&rsquo;"},"content":{"rendered":"<p>Arbuste persistant droit. Rustique et \u00e9pineux, il a des petites feuilles vert-fonc\u00e9. Il donne des fleurs blanches et produit des abondantes baies qui deviennent orang\u00e9es en automne.<\/p>\n","protected":false},"excerpt":{"rendered":"<p>Arbuste persistant droit. Rustique et \u00e9pineux, il a des petites feuilles vert-fonc\u00e9. Il donne des fleurs blanches et produit des abondantes baies qui deviennent orang\u00e9es en automne.<\/p>\n","protected":false},"featured_media":5071,"template":"","meta":{"_acf_changed":false},"product_brand":[],"product_cat":[8817],"product_tag":[10897],"class_list":{"0":"post-13213","1":"product","2":"type-product","3":"status-publish","4":"has-post-thumbnail","6":"product_cat-arbres-et-arbustes-persistants","7":"product_tag-naturelle","8":"pa_altezza-massima-200-fr","9":"pa_altezza-massima-300-fr-2","10":"pa_colore-fioritura-blanc","11":"pa_condizionamento-clt-fr","12":"pa_famiglia-rosaceae-fr","13":"pa_genere-pyracantha-fr","14":"pa_origine-asie","15":"pa_periodo-fioritura-mai","16":"pa_periodo-fruttificazione-octobre","17":"pa_portamento-conico-fr","18":"pa_resistenza-climatica-tres-elevee","19":"pa_resistenza-del-suolo-resistant-aux-sols-calcaires","20":"pa_resistenza-del-suolo-resistant-aux-sols-secs","21":"pa_salinita-resistance-a-la-salinisation","22":"pa_utilizzo-petits-jardins","24":"first","25":"instock","26":"purchasable","27":"product-type-simple"},"acf":[],"_links":{"self":[{"href":"https:\/\/innocentiemangonipiante.it\/fr\/wp-json\/wp\/v2\/product\/13213","targetHints":{"allow":["GET"]}}],"collection":[{"href":"https:\/\/innocentiemangonipiante.it\/fr\/wp-json\/wp\/v2\/product"}],"about":[{"href":"https:\/\/innocentiemangonipiante.it\/fr\/wp-json\/wp\/v2\/types\/product"}],"wp:featuredmedia":[{"embeddable":true,"href":"https:\/\/innocentiemangonipiante.it\/fr\/wp-json\/wp\/v2\/media\/5071"}],"wp:attachment":[{"href":"https:\/\/innocentiemangonipiante.it\/fr\/wp-json\/wp\/v2\/media?parent=13213"}],"wp:term":[{"taxonomy":"product_brand","embeddable":true,"href":"https:\/\/innocentiemangonipiante.it\/fr\/wp-json\/wp\/v2\/product_brand?post=13213"},{"taxonomy":"product_cat","embeddable":true,"href":"https:\/\/innocentiemangonipiante.it\/fr\/wp-json\/wp\/v2\/product_cat?post=13213"},{"taxonomy":"product_tag","embeddable":true,"href":"https:\/\/innocentiemangonipiante.it\/fr\/wp-json\/wp\/v2\/product_tag?post=13213"}],"curies":[{"name":"wp","href":"https:\/\/api.w.org\/{rel}","templated":true}]}}