{"id":13215,"date":"2023-11-04T02:46:38","date_gmt":"2023-11-04T01:46:38","guid":{"rendered":"http:\/\/innocentiemangonipiante.it\/pyracantha-mohave\/"},"modified":"2023-11-06T15:47:28","modified_gmt":"2023-11-06T14:47:28","slug":"pyracantha-mohave","status":"publish","type":"product","link":"https:\/\/innocentiemangonipiante.it\/fr\/pyracantha-mohave\/","title":{"rendered":"PYRACANTHA &lsquo;Mohave&rsquo;"},"content":{"rendered":"<p>Brillant feuillage vert fonc\u00e9, port \u00e9rig\u00e9. Tr\u00e8s appr\u00e9ci\u00e9 pour les \u00e9normes quantit\u00e9s de baies rouge-orange qui cr\u00e9ent un spectacle de couleurs d&rsquo;automne. Fructification pr\u00e9coce. Excellent comme haie \u00e0 feuilles persistantes.<\/p>\n","protected":false},"excerpt":{"rendered":"<p>Brillant feuillage vert fonc\u00e9, port \u00e9rig\u00e9. Tr\u00e8s appr\u00e9ci\u00e9 pour les \u00e9normes quantit\u00e9s de baies rouge-orange qui cr\u00e9ent un spectacle de couleurs d&rsquo;automne. Fructification pr\u00e9coce. Excellent comme haie \u00e0 feuilles persistantes.<\/p>\n","protected":false},"featured_media":5059,"template":"","meta":{"_acf_changed":false},"product_brand":[],"product_cat":[8817],"product_tag":[10897],"class_list":{"0":"post-13215","1":"product","2":"type-product","3":"status-publish","4":"has-post-thumbnail","6":"product_cat-arbres-et-arbustes-persistants","7":"product_tag-naturelle","8":"pa_altezza-massima-200-fr","9":"pa_altezza-massima-400-fr","10":"pa_colore-fioritura-blanc","11":"pa_condizionamento-clt-fr","12":"pa_famiglia-rosaceae-fr","13":"pa_genere-pyracantha-fr","14":"pa_origine-moyen-orient","15":"pa_periodo-fioritura-aout","16":"pa_periodo-fioritura-juillet","17":"pa_periodo-fruttificazione-octobre","18":"pa_portamento-conico-fr","19":"pa_resistenza-climatica-moyenne-elevee","20":"pa_utilizzo-petits-jardins","22":"first","23":"instock","24":"purchasable","25":"product-type-simple"},"acf":[],"_links":{"self":[{"href":"https:\/\/innocentiemangonipiante.it\/fr\/wp-json\/wp\/v2\/product\/13215","targetHints":{"allow":["GET"]}}],"collection":[{"href":"https:\/\/innocentiemangonipiante.it\/fr\/wp-json\/wp\/v2\/product"}],"about":[{"href":"https:\/\/innocentiemangonipiante.it\/fr\/wp-json\/wp\/v2\/types\/product"}],"wp:featuredmedia":[{"embeddable":true,"href":"https:\/\/innocentiemangonipiante.it\/fr\/wp-json\/wp\/v2\/media\/5059"}],"wp:attachment":[{"href":"https:\/\/innocentiemangonipiante.it\/fr\/wp-json\/wp\/v2\/media?parent=13215"}],"wp:term":[{"taxonomy":"product_brand","embeddable":true,"href":"https:\/\/innocentiemangonipiante.it\/fr\/wp-json\/wp\/v2\/product_brand?post=13215"},{"taxonomy":"product_cat","embeddable":true,"href":"https:\/\/innocentiemangonipiante.it\/fr\/wp-json\/wp\/v2\/product_cat?post=13215"},{"taxonomy":"product_tag","embeddable":true,"href":"https:\/\/innocentiemangonipiante.it\/fr\/wp-json\/wp\/v2\/product_tag?post=13215"}],"curies":[{"name":"wp","href":"https:\/\/api.w.org\/{rel}","templated":true}]}}