{"id":13218,"date":"2023-11-04T02:47:43","date_gmt":"2023-11-04T01:47:43","guid":{"rendered":"http:\/\/innocentiemangonipiante.it\/pyrus-salicifolia-pendula\/"},"modified":"2023-11-06T15:47:56","modified_gmt":"2023-11-06T14:47:56","slug":"pyrus-salicifolia-pendula","status":"publish","type":"product","link":"https:\/\/innocentiemangonipiante.it\/fr\/pyrus-salicifolia-pendula\/","title":{"rendered":"PYRUS salicifolia &lsquo;Pendula&rsquo;"},"content":{"rendered":"<p>Arbre caduque au port expans\u00e9 avec des branches retombantes et des feuilles lanc\u00e9ol\u00e9es de couleur gris-verd\u00e2tre longues jusqu\u2019\u00e0 atteindre 9-10 cm. Floraison blanche. Tr\u00e8s bonne r\u00e9sistance \u00e0 la chaleur. A planter dans des tr\u00e8s petits espaces, supporte les conditions urbaines difficiles.<\/p>\n","protected":false},"excerpt":{"rendered":"<p>Arbre caduque au port expans\u00e9 avec des branches retombantes et des feuilles lanc\u00e9ol\u00e9es de couleur gris-verd\u00e2tre longues jusqu\u2019\u00e0 atteindre 9-10 cm. Floraison blanche. Tr\u00e8s bonne r\u00e9sistance \u00e0 la chaleur. A planter dans des tr\u00e8s petits espaces, supporte les conditions urbaines difficiles.<\/p>\n","protected":false},"featured_media":5103,"template":"","meta":{"_acf_changed":false},"product_brand":[],"product_cat":[8812,9230],"product_tag":[10897,8400],"class_list":{"0":"post-13218","1":"product","2":"type-product","3":"status-publish","4":"has-post-thumbnail","6":"product_cat-arbres-et-arbustes-a-feuilles-caduques","7":"product_cat-arbres-et-plantes-du-futur","8":"product_tag-naturelle","9":"product_tag-tige","10":"pa_altezza-massima-600-fr","11":"pa_altezza-massima-900-fr","12":"pa_colore-fioritura-blanc","13":"pa_condizionamento-clt-fr","14":"pa_condizionamento-motte","15":"pa_famiglia-rosaceae-fr","16":"pa_genere-pyrus-fr","17":"pa_origine-caucase","18":"pa_periodo-fioritura-avril","19":"pa_periodo-fruttificazione-octobre","20":"pa_portamento-pleureur","21":"pa_resistenza-climatica-tres-elevee","22":"pa_resistenza-del-suolo-resistant-aux-sols-calcaires","23":"pa_resistenza-del-suolo-resistant-aux-sols-secs","24":"pa_utilizzo-parcs","25":"pa_utilizzo-petits-jardins","27":"first","28":"instock","29":"purchasable","30":"product-type-simple"},"acf":[],"_links":{"self":[{"href":"https:\/\/innocentiemangonipiante.it\/fr\/wp-json\/wp\/v2\/product\/13218","targetHints":{"allow":["GET"]}}],"collection":[{"href":"https:\/\/innocentiemangonipiante.it\/fr\/wp-json\/wp\/v2\/product"}],"about":[{"href":"https:\/\/innocentiemangonipiante.it\/fr\/wp-json\/wp\/v2\/types\/product"}],"wp:featuredmedia":[{"embeddable":true,"href":"https:\/\/innocentiemangonipiante.it\/fr\/wp-json\/wp\/v2\/media\/5103"}],"wp:attachment":[{"href":"https:\/\/innocentiemangonipiante.it\/fr\/wp-json\/wp\/v2\/media?parent=13218"}],"wp:term":[{"taxonomy":"product_brand","embeddable":true,"href":"https:\/\/innocentiemangonipiante.it\/fr\/wp-json\/wp\/v2\/product_brand?post=13218"},{"taxonomy":"product_cat","embeddable":true,"href":"https:\/\/innocentiemangonipiante.it\/fr\/wp-json\/wp\/v2\/product_cat?post=13218"},{"taxonomy":"product_tag","embeddable":true,"href":"https:\/\/innocentiemangonipiante.it\/fr\/wp-json\/wp\/v2\/product_tag?post=13218"}],"curies":[{"name":"wp","href":"https:\/\/api.w.org\/{rel}","templated":true}]}}