{"id":13220,"date":"2023-11-04T02:47:18","date_gmt":"2023-11-04T01:47:18","guid":{"rendered":"http:\/\/innocentiemangonipiante.it\/pyrus-calleryana-chanticleer\/"},"modified":"2023-11-06T15:47:44","modified_gmt":"2023-11-06T14:47:44","slug":"pyrus-calleryana-chanticleer","status":"publish","type":"product","link":"https:\/\/innocentiemangonipiante.it\/fr\/pyrus-calleryana-chanticleer\/","title":{"rendered":"PYRUS calleryana &lsquo;Chanticleer&rsquo; \u00ae"},"content":{"rendered":"<p>Petit arbre \u00e0 feuilles caduques au port de conique \u00e0 pyramidal. Sur les branches \u00e9rig\u00e9es, se d\u00e9veloppent des feuilles caduques, altern\u00e9es, arrondies, de 8 \u00e0 12 cm de longueur, de couleur verte fonc\u00e9e brillante qui vire au jaune-orange et pourpre en automne. Au d\u00e9but du printemps, en g\u00e9n\u00e9ral avant l\u2019apparition des feuilles, il donne des fleurs blanches \u00e0 5 p\u00e9tales, simples, en grande quantit\u00e9 d\u2019un diam\u00e8tre d\u2019environ 2 cm.<\/p>\n","protected":false},"excerpt":{"rendered":"<p>Petit arbre \u00e0 feuilles caduques au port de conique \u00e0 pyramidal. Sur les branches \u00e9rig\u00e9es, se d\u00e9veloppent des feuilles caduques, altern\u00e9es, arrondies, de 8 \u00e0 12 cm de longueur, de couleur verte fonc\u00e9e brillante qui vire au jaune-orange et pourpre en automne. Au d\u00e9but du printemps, en g\u00e9n\u00e9ral avant l\u2019apparition des feuilles, il donne des [&hellip;]<\/p>\n","protected":false},"featured_media":5090,"template":"","meta":{"_acf_changed":false},"product_brand":[],"product_cat":[8812],"product_tag":[10897,8400],"class_list":{"0":"post-13220","1":"product","2":"type-product","3":"status-publish","4":"has-post-thumbnail","6":"product_cat-arbres-et-arbustes-a-feuilles-caduques","7":"product_tag-naturelle","8":"product_tag-tige","9":"pa_altezza-massima-800-fr","10":"pa_altezza-massima-1000-fr-2","11":"pa_colore-fioritura-blanc","12":"pa_condizionamento-clt-fr","13":"pa_condizionamento-motte","14":"pa_famiglia-rosaceae-fr","15":"pa_genere-pyrus-fr","16":"pa_inquinamento-resistance-a-la-pollution","17":"pa_origine-origine-delle-piante-u-s-a","18":"pa_periodo-fioritura-avril","19":"pa_periodo-fruttificazione-octobre","20":"pa_portamento-conico-fr","21":"pa_resistenza-climatica-tres-elevee","22":"pa_resistenza-del-suolo-resistant-aux-sols-calcaires","23":"pa_salinita-resistance-a-la-salinisation","24":"pa_utilizzo-parcs","25":"pa_utilizzo-petits-jardins","27":"first","28":"instock","29":"purchasable","30":"product-type-simple"},"acf":[],"_links":{"self":[{"href":"https:\/\/innocentiemangonipiante.it\/fr\/wp-json\/wp\/v2\/product\/13220","targetHints":{"allow":["GET"]}}],"collection":[{"href":"https:\/\/innocentiemangonipiante.it\/fr\/wp-json\/wp\/v2\/product"}],"about":[{"href":"https:\/\/innocentiemangonipiante.it\/fr\/wp-json\/wp\/v2\/types\/product"}],"wp:featuredmedia":[{"embeddable":true,"href":"https:\/\/innocentiemangonipiante.it\/fr\/wp-json\/wp\/v2\/media\/5090"}],"wp:attachment":[{"href":"https:\/\/innocentiemangonipiante.it\/fr\/wp-json\/wp\/v2\/media?parent=13220"}],"wp:term":[{"taxonomy":"product_brand","embeddable":true,"href":"https:\/\/innocentiemangonipiante.it\/fr\/wp-json\/wp\/v2\/product_brand?post=13220"},{"taxonomy":"product_cat","embeddable":true,"href":"https:\/\/innocentiemangonipiante.it\/fr\/wp-json\/wp\/v2\/product_cat?post=13220"},{"taxonomy":"product_tag","embeddable":true,"href":"https:\/\/innocentiemangonipiante.it\/fr\/wp-json\/wp\/v2\/product_tag?post=13220"}],"curies":[{"name":"wp","href":"https:\/\/api.w.org\/{rel}","templated":true}]}}