{"id":13221,"date":"2023-11-04T02:47:12","date_gmt":"2023-11-04T01:47:12","guid":{"rendered":"http:\/\/innocentiemangonipiante.it\/pyrus-calleryana-bradford\/"},"modified":"2023-11-06T15:47:42","modified_gmt":"2023-11-06T14:47:42","slug":"pyrus-calleryana-bradford","status":"publish","type":"product","link":"https:\/\/innocentiemangonipiante.it\/fr\/pyrus-calleryana-bradford\/","title":{"rendered":"PYRUS calleryana &lsquo;Bradford&rsquo;"},"content":{"rendered":"<p>Forme pyramidale, qui s&rsquo;\u00e9largit avec l&rsquo;\u00e2ge. Les feuilles sont de couleur vert \u00e9paisse et brillant et changent au rouge orang\u00e9 \u00e0 l&rsquo;automne. Adaptable \u00e0 presque toutes les sols, secs ou l\u00e9g\u00e8rement alcalins, la pollution de l&rsquo;air et une certaine exposition c\u00f4ti\u00e8re.<\/p>\n","protected":false},"excerpt":{"rendered":"<p>Forme pyramidale, qui s&rsquo;\u00e9largit avec l&rsquo;\u00e2ge. Les feuilles sont de couleur vert \u00e9paisse et brillant et changent au rouge orang\u00e9 \u00e0 l&rsquo;automne. Adaptable \u00e0 presque toutes les sols, secs ou l\u00e9g\u00e8rement alcalins, la pollution de l&rsquo;air et une certaine exposition c\u00f4ti\u00e8re.<\/p>\n","protected":false},"featured_media":59479,"template":"","meta":{"_acf_changed":false},"product_brand":[],"product_cat":[8812],"product_tag":[10897],"class_list":{"0":"post-13221","1":"product","2":"type-product","3":"status-publish","4":"has-post-thumbnail","6":"product_cat-arbres-et-arbustes-a-feuilles-caduques","7":"product_tag-naturelle","8":"pa_altezza-massima-1000-fr-2","9":"pa_altezza-massima-15-metres","10":"pa_colore-fioritura-blanc","11":"pa_famiglia-rosaceae-fr","12":"pa_genere-pyrus-fr","13":"pa_inquinamento-resistance-a-la-pollution","14":"pa_origine-origine-delle-piante-u-s-a","15":"pa_periodo-fioritura-avril","16":"pa_periodo-fioritura-mai","17":"pa_periodo-fruttificazione-octobre","18":"pa_portamento-arrondi","19":"pa_resistenza-climatica-tres-elevee","20":"pa_resistenza-del-suolo-resistant-aux-sols-calcaires","21":"pa_resistenza-del-suolo-resistant-aux-sols-secs","22":"pa_salinita-resistance-a-la-salinisation","23":"pa_utilizzo-avenues-fr","24":"pa_utilizzo-parcs","25":"pa_utilizzo-petits-jardins","27":"first","28":"instock","29":"purchasable","30":"product-type-simple"},"acf":[],"_links":{"self":[{"href":"https:\/\/innocentiemangonipiante.it\/fr\/wp-json\/wp\/v2\/product\/13221","targetHints":{"allow":["GET"]}}],"collection":[{"href":"https:\/\/innocentiemangonipiante.it\/fr\/wp-json\/wp\/v2\/product"}],"about":[{"href":"https:\/\/innocentiemangonipiante.it\/fr\/wp-json\/wp\/v2\/types\/product"}],"wp:featuredmedia":[{"embeddable":true,"href":"https:\/\/innocentiemangonipiante.it\/fr\/wp-json\/wp\/v2\/media\/59479"}],"wp:attachment":[{"href":"https:\/\/innocentiemangonipiante.it\/fr\/wp-json\/wp\/v2\/media?parent=13221"}],"wp:term":[{"taxonomy":"product_brand","embeddable":true,"href":"https:\/\/innocentiemangonipiante.it\/fr\/wp-json\/wp\/v2\/product_brand?post=13221"},{"taxonomy":"product_cat","embeddable":true,"href":"https:\/\/innocentiemangonipiante.it\/fr\/wp-json\/wp\/v2\/product_cat?post=13221"},{"taxonomy":"product_tag","embeddable":true,"href":"https:\/\/innocentiemangonipiante.it\/fr\/wp-json\/wp\/v2\/product_tag?post=13221"}],"curies":[{"name":"wp","href":"https:\/\/api.w.org\/{rel}","templated":true}]}}