{"id":13222,"date":"2023-11-04T02:55:08","date_gmt":"2023-11-04T01:55:08","guid":{"rendered":"http:\/\/innocentiemangonipiante.it\/quercus-x-turneri-pseudoturneri\/"},"modified":"2023-11-06T15:52:38","modified_gmt":"2023-11-06T14:52:38","slug":"quercus-x-turneri-pseudoturneri","status":"publish","type":"product","link":"https:\/\/innocentiemangonipiante.it\/fr\/quercus-x-turneri-pseudoturneri\/","title":{"rendered":"QUERCUS x turneri &lsquo;Pseudoturneri&rsquo;"},"content":{"rendered":"<p>Arbre semi-caduc au port largement arrondi et \u00e0 l\u2019\u00e9corce crevass\u00e9e de couleur gris sombre. Les feuilles oblongues et lanc\u00e9ol\u00e9es sont l\u00e9g\u00e8rement lob\u00e9es et de couleur vert fonc\u00e9. Elles mesurent jusqu\u2019\u00e0 12 cm.<\/p>\n","protected":false},"excerpt":{"rendered":"<p>Arbre semi-caduc au port largement arrondi et \u00e0 l\u2019\u00e9corce crevass\u00e9e de couleur gris sombre. Les feuilles oblongues et lanc\u00e9ol\u00e9es sont l\u00e9g\u00e8rement lob\u00e9es et de couleur vert fonc\u00e9. Elles mesurent jusqu\u2019\u00e0 12 cm.<\/p>\n","protected":false},"featured_media":5266,"template":"","meta":{"_acf_changed":false},"product_brand":[],"product_cat":[8812,9230],"product_tag":[10897,8400],"class_list":{"0":"post-13222","1":"product","2":"type-product","3":"status-publish","4":"has-post-thumbnail","6":"product_cat-arbres-et-arbustes-a-feuilles-caduques","7":"product_cat-arbres-et-plantes-du-futur","8":"product_tag-naturelle","9":"product_tag-tige","10":"pa_altezza-massima-500-fr","11":"pa_altezza-massima-800-fr","12":"pa_condizionamento-clt-fr","13":"pa_condizionamento-motte","14":"pa_famiglia-fagaceae-fr","15":"pa_genere-quercus-fr","16":"pa_origine-angleterre","17":"pa_portamento-piramidale-fr","18":"pa_resistenza-climatica-moyenne-elevee","19":"pa_salinita-resistance-a-la-salinisation","20":"pa_utilizzo-parcs","22":"first","23":"instock","24":"purchasable","25":"product-type-simple"},"acf":[],"_links":{"self":[{"href":"https:\/\/innocentiemangonipiante.it\/fr\/wp-json\/wp\/v2\/product\/13222","targetHints":{"allow":["GET"]}}],"collection":[{"href":"https:\/\/innocentiemangonipiante.it\/fr\/wp-json\/wp\/v2\/product"}],"about":[{"href":"https:\/\/innocentiemangonipiante.it\/fr\/wp-json\/wp\/v2\/types\/product"}],"wp:featuredmedia":[{"embeddable":true,"href":"https:\/\/innocentiemangonipiante.it\/fr\/wp-json\/wp\/v2\/media\/5266"}],"wp:attachment":[{"href":"https:\/\/innocentiemangonipiante.it\/fr\/wp-json\/wp\/v2\/media?parent=13222"}],"wp:term":[{"taxonomy":"product_brand","embeddable":true,"href":"https:\/\/innocentiemangonipiante.it\/fr\/wp-json\/wp\/v2\/product_brand?post=13222"},{"taxonomy":"product_cat","embeddable":true,"href":"https:\/\/innocentiemangonipiante.it\/fr\/wp-json\/wp\/v2\/product_cat?post=13222"},{"taxonomy":"product_tag","embeddable":true,"href":"https:\/\/innocentiemangonipiante.it\/fr\/wp-json\/wp\/v2\/product_tag?post=13222"}],"curies":[{"name":"wp","href":"https:\/\/api.w.org\/{rel}","templated":true}]}}