{"id":13223,"date":"2023-11-04T02:54:12","date_gmt":"2023-11-04T01:54:12","guid":{"rendered":"http:\/\/innocentiemangonipiante.it\/quercus-suber\/"},"modified":"2023-11-06T15:51:55","modified_gmt":"2023-11-06T14:51:55","slug":"quercus-suber","status":"publish","type":"product","link":"https:\/\/innocentiemangonipiante.it\/fr\/quercus-suber\/","title":{"rendered":"QUERCUS suber"},"content":{"rendered":"<p>\u201cCh\u00eane li\u00e8ge\u201d. Grand arbre persistant au port arrondi caract\u00e9ristique en raison de son \u00e9corce \u00e9paisse et li\u00e9geuse. Les feuilles ov\u00e9es-oblongues, dentel\u00e9es et rigides de couleur vert fonc\u00e9 peuvent atteindre 7 cm de longueur. Craint l\u2019ombre et le gel prolong\u00e9 (-15\u00b0C). Non adapt\u00e9 aux alignements, plut\u00f4t \u00e0 planter en isol\u00e9. Transplanter en avril-mai.<\/p>\n","protected":false},"excerpt":{"rendered":"<p>\u201cCh\u00eane li\u00e8ge\u201d. Grand arbre persistant au port arrondi caract\u00e9ristique en raison de son \u00e9corce \u00e9paisse et li\u00e9geuse. Les feuilles ov\u00e9es-oblongues, dentel\u00e9es et rigides de couleur vert fonc\u00e9 peuvent atteindre 7 cm de longueur. Craint l\u2019ombre et le gel prolong\u00e9 (-15\u00b0C). Non adapt\u00e9 aux alignements, plut\u00f4t \u00e0 planter en isol\u00e9. Transplanter en avril-mai.<\/p>\n","protected":false},"featured_media":5247,"template":"","meta":{"_acf_changed":false},"product_brand":[],"product_cat":[8812],"product_tag":[10897,8596,6255,10900,8400,8424],"class_list":{"0":"post-13223","1":"product","2":"type-product","3":"status-publish","4":"has-post-thumbnail","6":"product_cat-arbres-et-arbustes-a-feuilles-caduques","7":"product_tag-naturelle","8":"product_tag-cepee","9":"product_tag-demi-tige","10":"product_tag-tbb-fr-2","11":"product_tag-tige","12":"product_tag-tige-espalier","13":"pa_altezza-massima-15-metres","14":"pa_altezza-massima-20-metres","15":"pa_condizionamento-clt-fr","16":"pa_condizionamento-vs-fr","17":"pa_condizionamento-motte","18":"pa_famiglia-fagaceae-fr","19":"pa_genere-quercus-fr","20":"pa_origine-europe-mediterraneenne","21":"pa_portamento-arrondi","22":"pa_resistenza-climatica-moyenne-elevee","23":"pa_resistenza-del-suolo-resistant-aux-sols-calcaires","24":"pa_resistenza-del-suolo-resistant-aux-sols-secs","25":"pa_utilizzo-parcs","27":"first","28":"instock","29":"purchasable","30":"product-type-simple"},"acf":[],"_links":{"self":[{"href":"https:\/\/innocentiemangonipiante.it\/fr\/wp-json\/wp\/v2\/product\/13223","targetHints":{"allow":["GET"]}}],"collection":[{"href":"https:\/\/innocentiemangonipiante.it\/fr\/wp-json\/wp\/v2\/product"}],"about":[{"href":"https:\/\/innocentiemangonipiante.it\/fr\/wp-json\/wp\/v2\/types\/product"}],"wp:featuredmedia":[{"embeddable":true,"href":"https:\/\/innocentiemangonipiante.it\/fr\/wp-json\/wp\/v2\/media\/5247"}],"wp:attachment":[{"href":"https:\/\/innocentiemangonipiante.it\/fr\/wp-json\/wp\/v2\/media?parent=13223"}],"wp:term":[{"taxonomy":"product_brand","embeddable":true,"href":"https:\/\/innocentiemangonipiante.it\/fr\/wp-json\/wp\/v2\/product_brand?post=13223"},{"taxonomy":"product_cat","embeddable":true,"href":"https:\/\/innocentiemangonipiante.it\/fr\/wp-json\/wp\/v2\/product_cat?post=13223"},{"taxonomy":"product_tag","embeddable":true,"href":"https:\/\/innocentiemangonipiante.it\/fr\/wp-json\/wp\/v2\/product_tag?post=13223"}],"curies":[{"name":"wp","href":"https:\/\/api.w.org\/{rel}","templated":true}]}}