{"id":13224,"date":"2023-11-04T02:54:05","date_gmt":"2023-11-04T01:54:05","guid":{"rendered":"http:\/\/innocentiemangonipiante.it\/quercus-rysophylla-maya\/"},"modified":"2023-11-06T15:51:52","modified_gmt":"2023-11-06T14:51:52","slug":"quercus-rysophylla-maya","status":"publish","type":"product","link":"https:\/\/innocentiemangonipiante.it\/fr\/quercus-rysophylla-maya\/","title":{"rendered":"QUERCUS rysophylla &lsquo;Maya&rsquo;"},"content":{"rendered":"<p>Vari\u00e9t\u00e9 persistante caract\u00e9ris\u00e9e par de grandes feuilles coriaces pouvant atteindre jusqu\u2019\u00e0 25 cm de longueur. La nouvelle v\u00e9g\u00e9tation est rouge pourpre qui devient ensuite d\u2019un vert intense.<\/p>\n","protected":false},"excerpt":{"rendered":"<p>Vari\u00e9t\u00e9 persistante caract\u00e9ris\u00e9e par de grandes feuilles coriaces pouvant atteindre jusqu\u2019\u00e0 25 cm de longueur. La nouvelle v\u00e9g\u00e9tation est rouge pourpre qui devient ensuite d\u2019un vert intense.<\/p>\n","protected":false},"featured_media":5241,"template":"","meta":{"_acf_changed":false},"product_brand":[],"product_cat":[8812,9230],"product_tag":[10897,8596,8400],"class_list":{"0":"post-13224","1":"product","2":"type-product","3":"status-publish","4":"has-post-thumbnail","6":"product_cat-arbres-et-arbustes-a-feuilles-caduques","7":"product_cat-arbres-et-plantes-du-futur","8":"product_tag-naturelle","9":"product_tag-cepee","10":"product_tag-tige","11":"pa_altezza-massima-600-fr","12":"pa_altezza-massima-800-fr","13":"pa_condizionamento-motte","14":"pa_famiglia-fagaceae-fr","15":"pa_genere-quercus-fr","16":"pa_origine-mexique","17":"pa_portamento-arrondi","18":"pa_resistenza-climatica-tres-elevee","19":"pa_resistenza-del-suolo-resistant-aux-sols-calcaires","20":"pa_resistenza-del-suolo-resistant-aux-sols-secs","21":"pa_utilizzo-parcs","23":"first","24":"instock","25":"purchasable","26":"product-type-simple"},"acf":[],"_links":{"self":[{"href":"https:\/\/innocentiemangonipiante.it\/fr\/wp-json\/wp\/v2\/product\/13224","targetHints":{"allow":["GET"]}}],"collection":[{"href":"https:\/\/innocentiemangonipiante.it\/fr\/wp-json\/wp\/v2\/product"}],"about":[{"href":"https:\/\/innocentiemangonipiante.it\/fr\/wp-json\/wp\/v2\/types\/product"}],"wp:featuredmedia":[{"embeddable":true,"href":"https:\/\/innocentiemangonipiante.it\/fr\/wp-json\/wp\/v2\/media\/5241"}],"wp:attachment":[{"href":"https:\/\/innocentiemangonipiante.it\/fr\/wp-json\/wp\/v2\/media?parent=13224"}],"wp:term":[{"taxonomy":"product_brand","embeddable":true,"href":"https:\/\/innocentiemangonipiante.it\/fr\/wp-json\/wp\/v2\/product_brand?post=13224"},{"taxonomy":"product_cat","embeddable":true,"href":"https:\/\/innocentiemangonipiante.it\/fr\/wp-json\/wp\/v2\/product_cat?post=13224"},{"taxonomy":"product_tag","embeddable":true,"href":"https:\/\/innocentiemangonipiante.it\/fr\/wp-json\/wp\/v2\/product_tag?post=13224"}],"curies":[{"name":"wp","href":"https:\/\/api.w.org\/{rel}","templated":true}]}}