{"id":13225,"date":"2023-11-04T02:53:59","date_gmt":"2023-11-04T01:53:59","guid":{"rendered":"http:\/\/innocentiemangonipiante.it\/quercus-rysophylla\/"},"modified":"2023-11-06T15:51:49","modified_gmt":"2023-11-06T14:51:49","slug":"quercus-rysophylla","status":"publish","type":"product","link":"https:\/\/innocentiemangonipiante.it\/fr\/quercus-rysophylla\/","title":{"rendered":"QUERCUS rysophylla"},"content":{"rendered":"<p>Persistant aux feuilles coriaces, \u00e9paisses, vert fonc\u00e9, couleur bronze ou rougissant sur la nouvelle v\u00e9g\u00e9tation.<\/p>\n","protected":false},"excerpt":{"rendered":"<p>Persistant aux feuilles coriaces, \u00e9paisses, vert fonc\u00e9, couleur bronze ou rougissant sur la nouvelle v\u00e9g\u00e9tation.<\/p>\n","protected":false},"featured_media":5235,"template":"","meta":{"_acf_changed":false},"product_brand":[],"product_cat":[8812],"product_tag":[10897,8596,8400],"class_list":{"0":"post-13225","1":"product","2":"type-product","3":"status-publish","4":"has-post-thumbnail","6":"product_cat-arbres-et-arbustes-a-feuilles-caduques","7":"product_tag-naturelle","8":"product_tag-cepee","9":"product_tag-tige","10":"pa_altezza-massima-800-fr","11":"pa_altezza-massima-1000-fr-2","12":"pa_condizionamento-clt-fr","13":"pa_condizionamento-motte","14":"pa_famiglia-fagaceae-fr","15":"pa_genere-quercus-fr","16":"pa_origine-mexique","17":"pa_portamento-arrondi","18":"pa_resistenza-climatica-tres-elevee","19":"pa_utilizzo-avenues-fr","20":"pa_utilizzo-parcs","22":"first","23":"instock","24":"purchasable","25":"product-type-simple"},"acf":[],"_links":{"self":[{"href":"https:\/\/innocentiemangonipiante.it\/fr\/wp-json\/wp\/v2\/product\/13225","targetHints":{"allow":["GET"]}}],"collection":[{"href":"https:\/\/innocentiemangonipiante.it\/fr\/wp-json\/wp\/v2\/product"}],"about":[{"href":"https:\/\/innocentiemangonipiante.it\/fr\/wp-json\/wp\/v2\/types\/product"}],"wp:featuredmedia":[{"embeddable":true,"href":"https:\/\/innocentiemangonipiante.it\/fr\/wp-json\/wp\/v2\/media\/5235"}],"wp:attachment":[{"href":"https:\/\/innocentiemangonipiante.it\/fr\/wp-json\/wp\/v2\/media?parent=13225"}],"wp:term":[{"taxonomy":"product_brand","embeddable":true,"href":"https:\/\/innocentiemangonipiante.it\/fr\/wp-json\/wp\/v2\/product_brand?post=13225"},{"taxonomy":"product_cat","embeddable":true,"href":"https:\/\/innocentiemangonipiante.it\/fr\/wp-json\/wp\/v2\/product_cat?post=13225"},{"taxonomy":"product_tag","embeddable":true,"href":"https:\/\/innocentiemangonipiante.it\/fr\/wp-json\/wp\/v2\/product_tag?post=13225"}],"curies":[{"name":"wp","href":"https:\/\/api.w.org\/{rel}","templated":true}]}}