{"id":13226,"date":"2023-11-04T02:53:50","date_gmt":"2023-11-04T01:53:50","guid":{"rendered":"http:\/\/innocentiemangonipiante.it\/quercus-rubra\/"},"modified":"2023-11-06T15:51:46","modified_gmt":"2023-11-06T14:51:46","slug":"quercus-rubra","status":"publish","type":"product","link":"https:\/\/innocentiemangonipiante.it\/fr\/quercus-rubra\/","title":{"rendered":"QUERCUS rubra"},"content":{"rendered":"<p>\u201cCh\u00eane rouge d\u2019Am\u00e9rique\u201d. Arbre \u00e0 feuilles caduques, ample, \u00e0 croissance rapide et \u00e0 l\u2019\u00e9corce lisse de couleur marron-gris sombre. Les feuilles elliptiques, altern\u00e9es aux bords grav\u00e9s et aux lobes dent\u00e9l\u00e9s et pointus, s\u00e9tac\u00e9es au sommet, de couleur vert fonc\u00e9, virent au rougeorange et \u00e9carlate en automne.<\/p>\n","protected":false},"excerpt":{"rendered":"<p>\u201cCh\u00eane rouge d\u2019Am\u00e9rique\u201d. Arbre \u00e0 feuilles caduques, ample, \u00e0 croissance rapide et \u00e0 l\u2019\u00e9corce lisse de couleur marron-gris sombre. Les feuilles elliptiques, altern\u00e9es aux bords grav\u00e9s et aux lobes dent\u00e9l\u00e9s et pointus, s\u00e9tac\u00e9es au sommet, de couleur vert fonc\u00e9, virent au rougeorange et \u00e9carlate en automne.<\/p>\n","protected":false},"featured_media":5229,"template":"","meta":{"_acf_changed":false},"product_brand":[],"product_cat":[8812],"product_tag":[10897,8596,8400],"class_list":{"0":"post-13226","1":"product","2":"type-product","3":"status-publish","4":"has-post-thumbnail","6":"product_cat-arbres-et-arbustes-a-feuilles-caduques","7":"product_tag-naturelle","8":"product_tag-cepee","9":"product_tag-tige","10":"pa_altezza-massima-20-metres","11":"pa_altezza-massima-25-metres","12":"pa_condizionamento-clt-fr","13":"pa_condizionamento-vs-fr","14":"pa_condizionamento-motte","15":"pa_famiglia-fagaceae-fr","16":"pa_genere-quercus-fr","17":"pa_inquinamento-resistance-a-la-pollution","18":"pa_origine-origine-delle-piante-u-s-a","19":"pa_portamento-arrondi","20":"pa_resistenza-climatica-tres-elevee","21":"pa_resistenza-del-suolo-resistant-aux-sols-calcaires","22":"pa_resistenza-del-suolo-resistant-aux-sols-secs","23":"pa_salinita-resistance-a-la-salinisation","24":"pa_utilizzo-avenues-fr","25":"pa_utilizzo-parcs","27":"first","28":"instock","29":"purchasable","30":"product-type-simple"},"acf":[],"_links":{"self":[{"href":"https:\/\/innocentiemangonipiante.it\/fr\/wp-json\/wp\/v2\/product\/13226","targetHints":{"allow":["GET"]}}],"collection":[{"href":"https:\/\/innocentiemangonipiante.it\/fr\/wp-json\/wp\/v2\/product"}],"about":[{"href":"https:\/\/innocentiemangonipiante.it\/fr\/wp-json\/wp\/v2\/types\/product"}],"wp:featuredmedia":[{"embeddable":true,"href":"https:\/\/innocentiemangonipiante.it\/fr\/wp-json\/wp\/v2\/media\/5229"}],"wp:attachment":[{"href":"https:\/\/innocentiemangonipiante.it\/fr\/wp-json\/wp\/v2\/media?parent=13226"}],"wp:term":[{"taxonomy":"product_brand","embeddable":true,"href":"https:\/\/innocentiemangonipiante.it\/fr\/wp-json\/wp\/v2\/product_brand?post=13226"},{"taxonomy":"product_cat","embeddable":true,"href":"https:\/\/innocentiemangonipiante.it\/fr\/wp-json\/wp\/v2\/product_cat?post=13226"},{"taxonomy":"product_tag","embeddable":true,"href":"https:\/\/innocentiemangonipiante.it\/fr\/wp-json\/wp\/v2\/product_tag?post=13226"}],"curies":[{"name":"wp","href":"https:\/\/api.w.org\/{rel}","templated":true}]}}