{"id":13227,"date":"2023-11-04T02:53:44","date_gmt":"2023-11-04T01:53:44","guid":{"rendered":"http:\/\/innocentiemangonipiante.it\/quercus-robur-skyrocket\/"},"modified":"2023-11-06T15:51:42","modified_gmt":"2023-11-06T14:51:42","slug":"quercus-robur-skyrocket","status":"publish","type":"product","link":"https:\/\/innocentiemangonipiante.it\/fr\/quercus-robur-skyrocket\/","title":{"rendered":"QUERCUS robur &lsquo;Skyrocket&rsquo; \u00ae"},"content":{"rendered":"<p>De d\u00e9couverte r\u00e9cente, &lsquo;Skyrocket&rsquo; est une am\u00e9lioration de Quercus R. Fastigiata au port encore plus compact et r\u00e9gulier.<\/p>\n","protected":false},"excerpt":{"rendered":"<p>De d\u00e9couverte r\u00e9cente, &lsquo;Skyrocket&rsquo; est une am\u00e9lioration de Quercus R. Fastigiata au port encore plus compact et r\u00e9gulier.<\/p>\n","protected":false},"featured_media":5223,"template":"","meta":{"_acf_changed":false},"product_brand":[],"product_cat":[8812],"product_tag":[10897,8400],"class_list":{"0":"post-13227","1":"product","2":"type-product","3":"status-publish","4":"has-post-thumbnail","6":"product_cat-arbres-et-arbustes-a-feuilles-caduques","7":"product_tag-naturelle","8":"product_tag-tige","9":"pa_altezza-massima-1000-fr-2","10":"pa_altezza-massima-15-metres","11":"pa_condizionamento-clt-fr","12":"pa_condizionamento-motte","13":"pa_famiglia-fagaceae-fr","14":"pa_genere-quercus-fr","15":"pa_origine-origine-delle-piante-u-s-a","16":"pa_portamento-de-colonne","17":"pa_resistenza-climatica-tres-elevee","18":"pa_resistenza-del-suolo-resistant-au-sol-humide","19":"pa_resistenza-del-suolo-resistant-aux-sols-calcaires","20":"pa_resistenza-del-suolo-resistant-aux-sols-secs","21":"pa_salinita-resistance-a-la-salinisation","22":"pa_utilizzo-avenues-fr","24":"first","25":"instock","26":"purchasable","27":"product-type-simple"},"acf":[],"_links":{"self":[{"href":"https:\/\/innocentiemangonipiante.it\/fr\/wp-json\/wp\/v2\/product\/13227","targetHints":{"allow":["GET"]}}],"collection":[{"href":"https:\/\/innocentiemangonipiante.it\/fr\/wp-json\/wp\/v2\/product"}],"about":[{"href":"https:\/\/innocentiemangonipiante.it\/fr\/wp-json\/wp\/v2\/types\/product"}],"wp:featuredmedia":[{"embeddable":true,"href":"https:\/\/innocentiemangonipiante.it\/fr\/wp-json\/wp\/v2\/media\/5223"}],"wp:attachment":[{"href":"https:\/\/innocentiemangonipiante.it\/fr\/wp-json\/wp\/v2\/media?parent=13227"}],"wp:term":[{"taxonomy":"product_brand","embeddable":true,"href":"https:\/\/innocentiemangonipiante.it\/fr\/wp-json\/wp\/v2\/product_brand?post=13227"},{"taxonomy":"product_cat","embeddable":true,"href":"https:\/\/innocentiemangonipiante.it\/fr\/wp-json\/wp\/v2\/product_cat?post=13227"},{"taxonomy":"product_tag","embeddable":true,"href":"https:\/\/innocentiemangonipiante.it\/fr\/wp-json\/wp\/v2\/product_tag?post=13227"}],"curies":[{"name":"wp","href":"https:\/\/api.w.org\/{rel}","templated":true}]}}