{"id":13228,"date":"2023-11-04T02:53:36","date_gmt":"2023-11-04T01:53:36","guid":{"rendered":"http:\/\/innocentiemangonipiante.it\/quercus-robur-regal-prince\/"},"modified":"2023-11-06T15:51:40","modified_gmt":"2023-11-06T14:51:40","slug":"quercus-robur-regal-prince","status":"publish","type":"product","link":"https:\/\/innocentiemangonipiante.it\/fr\/quercus-robur-regal-prince\/","title":{"rendered":"QUERCUS robur &lsquo;Regal Prince&rsquo; \u00ae"},"content":{"rendered":"<p>Cet hybride &lsquo;moderne&rsquo; au port fastigi\u00e9 issu du croisement de Robur Fastigiata et Quercus Bicolor convient id\u00e9alement dans toutes situations par sa tol\u00e9rance \u00e0 tous les types de sols (supporte les sols acides comme les sols calcaires, humides comme secs). De plus a montr\u00e9 une forte r\u00e9sistance aux maladies et \u00e0 l&rsquo;o\u00efdium. Belle coloration dor\u00e9e \u00e0 l&rsquo;automne.<\/p>\n","protected":false},"excerpt":{"rendered":"<p>Cet hybride &lsquo;moderne&rsquo; au port fastigi\u00e9 issu du croisement de Robur Fastigiata et Quercus Bicolor convient id\u00e9alement dans toutes situations par sa tol\u00e9rance \u00e0 tous les types de sols (supporte les sols acides comme les sols calcaires, humides comme secs). De plus a montr\u00e9 une forte r\u00e9sistance aux maladies et \u00e0 l&rsquo;o\u00efdium. Belle coloration dor\u00e9e [&hellip;]<\/p>\n","protected":false},"featured_media":5217,"template":"","meta":{"_acf_changed":false},"product_brand":[],"product_cat":[8812],"product_tag":[10897,8400],"class_list":{"0":"post-13228","1":"product","2":"type-product","3":"status-publish","4":"has-post-thumbnail","6":"product_cat-arbres-et-arbustes-a-feuilles-caduques","7":"product_tag-naturelle","8":"product_tag-tige","9":"pa_altezza-massima-15-metres","10":"pa_altezza-massima-20-metres","11":"pa_condizionamento-clt-fr","12":"pa_condizionamento-motte","13":"pa_famiglia-fagaceae-fr","14":"pa_genere-quercus-fr","15":"pa_origine-origine-delle-piante-u-s-a","16":"pa_portamento-de-colonne","17":"pa_resistenza-climatica-tres-elevee","18":"pa_resistenza-del-suolo-resistant-au-sol-humide","19":"pa_resistenza-del-suolo-resistant-aux-sols-calcaires","20":"pa_resistenza-del-suolo-resistant-aux-sols-secs","21":"pa_salinita-resistance-a-la-salinisation","22":"pa_utilizzo-avenues-fr","24":"first","25":"instock","26":"purchasable","27":"product-type-simple"},"acf":[],"_links":{"self":[{"href":"https:\/\/innocentiemangonipiante.it\/fr\/wp-json\/wp\/v2\/product\/13228","targetHints":{"allow":["GET"]}}],"collection":[{"href":"https:\/\/innocentiemangonipiante.it\/fr\/wp-json\/wp\/v2\/product"}],"about":[{"href":"https:\/\/innocentiemangonipiante.it\/fr\/wp-json\/wp\/v2\/types\/product"}],"wp:featuredmedia":[{"embeddable":true,"href":"https:\/\/innocentiemangonipiante.it\/fr\/wp-json\/wp\/v2\/media\/5217"}],"wp:attachment":[{"href":"https:\/\/innocentiemangonipiante.it\/fr\/wp-json\/wp\/v2\/media?parent=13228"}],"wp:term":[{"taxonomy":"product_brand","embeddable":true,"href":"https:\/\/innocentiemangonipiante.it\/fr\/wp-json\/wp\/v2\/product_brand?post=13228"},{"taxonomy":"product_cat","embeddable":true,"href":"https:\/\/innocentiemangonipiante.it\/fr\/wp-json\/wp\/v2\/product_cat?post=13228"},{"taxonomy":"product_tag","embeddable":true,"href":"https:\/\/innocentiemangonipiante.it\/fr\/wp-json\/wp\/v2\/product_tag?post=13228"}],"curies":[{"name":"wp","href":"https:\/\/api.w.org\/{rel}","templated":true}]}}