{"id":13230,"date":"2023-11-04T02:53:16","date_gmt":"2023-11-04T01:53:16","guid":{"rendered":"http:\/\/innocentiemangonipiante.it\/quercus-robur\/"},"modified":"2023-11-06T15:51:29","modified_gmt":"2023-11-06T14:51:29","slug":"quercus-robur","status":"publish","type":"product","link":"https:\/\/innocentiemangonipiante.it\/fr\/quercus-robur\/","title":{"rendered":"QUERCUS robur"},"content":{"rendered":"<p>\u201cCh\u00eane commun\u201d. Arbre caduc, ample, \u00e0 l\u2019\u00e9corce gris-marron crevass\u00e9e. Les feuilles, de couleur vert fonc\u00e9, d\u2019une longueur de 15 cm sont ov\u00e9es et oblongues aux bords arrondis.<\/p>\n","protected":false},"excerpt":{"rendered":"<p>\u201cCh\u00eane commun\u201d. Arbre caduc, ample, \u00e0 l\u2019\u00e9corce gris-marron crevass\u00e9e. Les feuilles, de couleur vert fonc\u00e9, d\u2019une longueur de 15 cm sont ov\u00e9es et oblongues aux bords arrondis.<\/p>\n","protected":false},"featured_media":5205,"template":"","meta":{"_acf_changed":false},"product_brand":[],"product_cat":[8812],"product_tag":[10897,8596,8400],"class_list":{"0":"post-13230","1":"product","2":"type-product","3":"status-publish","4":"has-post-thumbnail","6":"product_cat-arbres-et-arbustes-a-feuilles-caduques","7":"product_tag-naturelle","8":"product_tag-cepee","9":"product_tag-tige","10":"pa_altezza-massima-25-metres","11":"pa_altezza-massima-35-metres","12":"pa_condizionamento-clt-fr","13":"pa_condizionamento-vs-fr","14":"pa_condizionamento-motte","15":"pa_famiglia-fagaceae-fr","16":"pa_genere-quercus-fr","17":"pa_origine-europe-mediterraneenne","18":"pa_periodo-fioritura-avril","19":"pa_periodo-fioritura-mai","20":"pa_portamento-arrondi","21":"pa_resistenza-climatica-tres-elevee","22":"pa_resistenza-del-suolo-resistant-au-sol-humide","23":"pa_resistenza-del-suolo-resistant-aux-sols-calcaires","24":"pa_resistenza-del-suolo-resistant-aux-sols-secs","25":"pa_salinita-resistance-a-la-salinisation","26":"pa_utilizzo-avenues-fr","27":"pa_utilizzo-parcs","29":"first","30":"instock","31":"purchasable","32":"product-type-simple"},"acf":[],"_links":{"self":[{"href":"https:\/\/innocentiemangonipiante.it\/fr\/wp-json\/wp\/v2\/product\/13230","targetHints":{"allow":["GET"]}}],"collection":[{"href":"https:\/\/innocentiemangonipiante.it\/fr\/wp-json\/wp\/v2\/product"}],"about":[{"href":"https:\/\/innocentiemangonipiante.it\/fr\/wp-json\/wp\/v2\/types\/product"}],"wp:featuredmedia":[{"embeddable":true,"href":"https:\/\/innocentiemangonipiante.it\/fr\/wp-json\/wp\/v2\/media\/5205"}],"wp:attachment":[{"href":"https:\/\/innocentiemangonipiante.it\/fr\/wp-json\/wp\/v2\/media?parent=13230"}],"wp:term":[{"taxonomy":"product_brand","embeddable":true,"href":"https:\/\/innocentiemangonipiante.it\/fr\/wp-json\/wp\/v2\/product_brand?post=13230"},{"taxonomy":"product_cat","embeddable":true,"href":"https:\/\/innocentiemangonipiante.it\/fr\/wp-json\/wp\/v2\/product_cat?post=13230"},{"taxonomy":"product_tag","embeddable":true,"href":"https:\/\/innocentiemangonipiante.it\/fr\/wp-json\/wp\/v2\/product_tag?post=13230"}],"curies":[{"name":"wp","href":"https:\/\/api.w.org\/{rel}","templated":true}]}}