{"id":13231,"date":"2023-11-04T02:53:07","date_gmt":"2023-11-04T01:53:07","guid":{"rendered":"http:\/\/innocentiemangonipiante.it\/quercus-pyrenaica\/"},"modified":"2023-11-06T15:51:23","modified_gmt":"2023-11-06T14:51:23","slug":"quercus-pyrenaica","status":"publish","type":"product","link":"https:\/\/innocentiemangonipiante.it\/fr\/quercus-pyrenaica\/","title":{"rendered":"QUERCUS pyrenaica"},"content":{"rendered":"<p>Arbre \u00e0 feuilles caduques, de port largement colonnaire. Son d\u00e9veloppement est lent. Bonne r\u00e9sistance \u00e0 la s\u00e9cheresse et au gel.<\/p>\n","protected":false},"excerpt":{"rendered":"<p>Arbre \u00e0 feuilles caduques, de port largement colonnaire. Son d\u00e9veloppement est lent. Bonne r\u00e9sistance \u00e0 la s\u00e9cheresse et au gel.<\/p>\n","protected":false},"featured_media":5194,"template":"","meta":{"_acf_changed":false},"product_brand":[],"product_cat":[8812],"product_tag":[10897,8400],"class_list":{"0":"post-13231","1":"product","2":"type-product","3":"status-publish","4":"has-post-thumbnail","6":"product_cat-arbres-et-arbustes-a-feuilles-caduques","7":"product_tag-naturelle","8":"product_tag-tige","9":"pa_altezza-massima-20-metres","10":"pa_altezza-massima-25-metres","11":"pa_condizionamento-motte","12":"pa_famiglia-fagaceae-fr","13":"pa_genere-quercus-fr","14":"pa_origine-europe-fr","15":"pa_portamento-arrondi","16":"pa_resistenza-climatica-moyenne-elevee","17":"pa_resistenza-del-suolo-resistant-aux-sols-calcaires","18":"pa_resistenza-del-suolo-resistant-aux-sols-secs","19":"pa_utilizzo-parcs","21":"first","22":"instock","23":"purchasable","24":"product-type-simple"},"acf":[],"_links":{"self":[{"href":"https:\/\/innocentiemangonipiante.it\/fr\/wp-json\/wp\/v2\/product\/13231","targetHints":{"allow":["GET"]}}],"collection":[{"href":"https:\/\/innocentiemangonipiante.it\/fr\/wp-json\/wp\/v2\/product"}],"about":[{"href":"https:\/\/innocentiemangonipiante.it\/fr\/wp-json\/wp\/v2\/types\/product"}],"wp:featuredmedia":[{"embeddable":true,"href":"https:\/\/innocentiemangonipiante.it\/fr\/wp-json\/wp\/v2\/media\/5194"}],"wp:attachment":[{"href":"https:\/\/innocentiemangonipiante.it\/fr\/wp-json\/wp\/v2\/media?parent=13231"}],"wp:term":[{"taxonomy":"product_brand","embeddable":true,"href":"https:\/\/innocentiemangonipiante.it\/fr\/wp-json\/wp\/v2\/product_brand?post=13231"},{"taxonomy":"product_cat","embeddable":true,"href":"https:\/\/innocentiemangonipiante.it\/fr\/wp-json\/wp\/v2\/product_cat?post=13231"},{"taxonomy":"product_tag","embeddable":true,"href":"https:\/\/innocentiemangonipiante.it\/fr\/wp-json\/wp\/v2\/product_tag?post=13231"}],"curies":[{"name":"wp","href":"https:\/\/api.w.org\/{rel}","templated":true}]}}