{"id":13232,"date":"2023-11-04T02:52:59","date_gmt":"2023-11-04T01:52:59","guid":{"rendered":"http:\/\/innocentiemangonipiante.it\/quercus-pubescens\/"},"modified":"2023-11-06T15:51:18","modified_gmt":"2023-11-06T14:51:18","slug":"quercus-pubescens","status":"publish","type":"product","link":"https:\/\/innocentiemangonipiante.it\/fr\/quercus-pubescens\/","title":{"rendered":"QUERCUS pubescens"},"content":{"rendered":"<p>Arbre caduc avec port \u00e9largi et \u00e9corce profondement sillonn\u00e9e de couleur gris \u00e0 noir. Feuille oblongues-ov\u00e9es de couleur gris vert jusqu\u2019\u00e0 10 cm de longueur, lobes arrondis terminant avec petits dents pointus.<\/p>\n","protected":false},"excerpt":{"rendered":"<p>Arbre caduc avec port \u00e9largi et \u00e9corce profondement sillonn\u00e9e de couleur gris \u00e0 noir. Feuille oblongues-ov\u00e9es de couleur gris vert jusqu\u2019\u00e0 10 cm de longueur, lobes arrondis terminant avec petits dents pointus.<\/p>\n","protected":false},"featured_media":5188,"template":"","meta":{"_acf_changed":false},"product_brand":[],"product_cat":[8812,9230],"product_tag":[10897,8596,8400],"class_list":{"0":"post-13232","1":"product","2":"type-product","3":"status-publish","4":"has-post-thumbnail","6":"product_cat-arbres-et-arbustes-a-feuilles-caduques","7":"product_cat-arbres-et-plantes-du-futur","8":"product_tag-naturelle","9":"product_tag-cepee","10":"product_tag-tige","11":"pa_altezza-massima-15-metres","12":"pa_altezza-massima-20-metres","13":"pa_condizionamento-clt-fr","14":"pa_condizionamento-vs-fr","15":"pa_condizionamento-motte","16":"pa_famiglia-fagaceae-fr","17":"pa_genere-quercus-fr","18":"pa_origine-europe-centrale","19":"pa_portamento-arrondi","20":"pa_resistenza-climatica-tres-elevee","21":"pa_resistenza-del-suolo-resistant-aux-sols-calcaires","22":"pa_resistenza-del-suolo-resistant-aux-sols-secs","23":"pa_utilizzo-parcs","25":"first","26":"instock","27":"purchasable","28":"product-type-simple"},"acf":[],"_links":{"self":[{"href":"https:\/\/innocentiemangonipiante.it\/fr\/wp-json\/wp\/v2\/product\/13232","targetHints":{"allow":["GET"]}}],"collection":[{"href":"https:\/\/innocentiemangonipiante.it\/fr\/wp-json\/wp\/v2\/product"}],"about":[{"href":"https:\/\/innocentiemangonipiante.it\/fr\/wp-json\/wp\/v2\/types\/product"}],"wp:featuredmedia":[{"embeddable":true,"href":"https:\/\/innocentiemangonipiante.it\/fr\/wp-json\/wp\/v2\/media\/5188"}],"wp:attachment":[{"href":"https:\/\/innocentiemangonipiante.it\/fr\/wp-json\/wp\/v2\/media?parent=13232"}],"wp:term":[{"taxonomy":"product_brand","embeddable":true,"href":"https:\/\/innocentiemangonipiante.it\/fr\/wp-json\/wp\/v2\/product_brand?post=13232"},{"taxonomy":"product_cat","embeddable":true,"href":"https:\/\/innocentiemangonipiante.it\/fr\/wp-json\/wp\/v2\/product_cat?post=13232"},{"taxonomy":"product_tag","embeddable":true,"href":"https:\/\/innocentiemangonipiante.it\/fr\/wp-json\/wp\/v2\/product_tag?post=13232"}],"curies":[{"name":"wp","href":"https:\/\/api.w.org\/{rel}","templated":true}]}}