{"id":13233,"date":"2023-11-04T02:52:38","date_gmt":"2023-11-04T01:52:38","guid":{"rendered":"http:\/\/innocentiemangonipiante.it\/quercus-petraea\/"},"modified":"2023-11-06T15:51:08","modified_gmt":"2023-11-06T14:51:08","slug":"quercus-petraea","status":"publish","type":"product","link":"https:\/\/innocentiemangonipiante.it\/fr\/quercus-petraea\/","title":{"rendered":"QUERCUS petraea"},"content":{"rendered":"<p>Arbre caduc avec port globuleux, grand d\u00e9veloppement et long\u00e9vit\u00e9. Il pr\u00e9f\u00e8re terrains bien drain\u00e9s. Ecorce grise sillonn\u00e9e. Feuille obov\u00e9elob\u00e9e jusqu&rsquo;\u00e0 12cm.<\/p>\n","protected":false},"excerpt":{"rendered":"<p>Arbre caduc avec port globuleux, grand d\u00e9veloppement et long\u00e9vit\u00e9. Il pr\u00e9f\u00e8re terrains bien drain\u00e9s. Ecorce grise sillonn\u00e9e. Feuille obov\u00e9elob\u00e9e jusqu&rsquo;\u00e0 12cm.<\/p>\n","protected":false},"featured_media":5181,"template":"","meta":{"_acf_changed":false},"product_brand":[],"product_cat":[8812],"product_tag":[10897,8400],"class_list":{"0":"post-13233","1":"product","2":"type-product","3":"status-publish","4":"has-post-thumbnail","6":"product_cat-arbres-et-arbustes-a-feuilles-caduques","7":"product_tag-naturelle","8":"product_tag-tige","9":"pa_altezza-massima-30-metres","10":"pa_altezza-massima-40-metres","11":"pa_condizionamento-clt-fr","12":"pa_condizionamento-motte","13":"pa_famiglia-fagaceae-fr","14":"pa_genere-quercus-fr","15":"pa_inquinamento-resistance-a-la-pollution","16":"pa_origine-ouest-europeen","17":"pa_portamento-arrondi","18":"pa_resistenza-climatica-tres-elevee","19":"pa_resistenza-del-suolo-resistant-aux-sols-calcaires","20":"pa_resistenza-del-suolo-resistant-aux-sols-secs","21":"pa_salinita-resistance-a-la-salinisation","22":"pa_utilizzo-avenues-fr","24":"first","25":"instock","26":"purchasable","27":"product-type-simple"},"acf":[],"_links":{"self":[{"href":"https:\/\/innocentiemangonipiante.it\/fr\/wp-json\/wp\/v2\/product\/13233","targetHints":{"allow":["GET"]}}],"collection":[{"href":"https:\/\/innocentiemangonipiante.it\/fr\/wp-json\/wp\/v2\/product"}],"about":[{"href":"https:\/\/innocentiemangonipiante.it\/fr\/wp-json\/wp\/v2\/types\/product"}],"wp:featuredmedia":[{"embeddable":true,"href":"https:\/\/innocentiemangonipiante.it\/fr\/wp-json\/wp\/v2\/media\/5181"}],"wp:attachment":[{"href":"https:\/\/innocentiemangonipiante.it\/fr\/wp-json\/wp\/v2\/media?parent=13233"}],"wp:term":[{"taxonomy":"product_brand","embeddable":true,"href":"https:\/\/innocentiemangonipiante.it\/fr\/wp-json\/wp\/v2\/product_brand?post=13233"},{"taxonomy":"product_cat","embeddable":true,"href":"https:\/\/innocentiemangonipiante.it\/fr\/wp-json\/wp\/v2\/product_cat?post=13233"},{"taxonomy":"product_tag","embeddable":true,"href":"https:\/\/innocentiemangonipiante.it\/fr\/wp-json\/wp\/v2\/product_tag?post=13233"}],"curies":[{"name":"wp","href":"https:\/\/api.w.org\/{rel}","templated":true}]}}