{"id":13234,"date":"2023-11-04T02:52:32","date_gmt":"2023-11-04T01:52:32","guid":{"rendered":"http:\/\/innocentiemangonipiante.it\/quercus-palustris-green-pillar\/"},"modified":"2023-11-06T15:51:06","modified_gmt":"2023-11-06T14:51:06","slug":"quercus-palustris-green-pillar","status":"publish","type":"product","link":"https:\/\/innocentiemangonipiante.it\/fr\/quercus-palustris-green-pillar\/","title":{"rendered":"QUERCUS palustris &lsquo;Green Pillar&rsquo; \u00ae"},"content":{"rendered":"<p>Cette nouvelle s\u00e9lection de Quercus Palustris au port \u00e9troit, fastigi\u00e9 est id\u00e9ale dans des lieux de largeur r\u00e9duite. Polyvalente d&rsquo;utilisation gr\u00e2ce \u00e0 son adaptabilit\u00e9 aux terrains humides ou mod\u00e9r\u00e9mment secs, argileux ou sableux, au vent et \u00e0 la pollution. Eclatante \u00e0 l&rsquo;automne par ses couleurs vives rouge pourpre.<\/p>\n","protected":false},"excerpt":{"rendered":"<p>Cette nouvelle s\u00e9lection de Quercus Palustris au port \u00e9troit, fastigi\u00e9 est id\u00e9ale dans des lieux de largeur r\u00e9duite. Polyvalente d&rsquo;utilisation gr\u00e2ce \u00e0 son adaptabilit\u00e9 aux terrains humides ou mod\u00e9r\u00e9mment secs, argileux ou sableux, au vent et \u00e0 la pollution. Eclatante \u00e0 l&rsquo;automne par ses couleurs vives rouge pourpre.<\/p>\n","protected":false},"featured_media":5175,"template":"","meta":{"_acf_changed":false},"product_brand":[],"product_cat":[8812],"product_tag":[10897,8400],"class_list":{"0":"post-13234","1":"product","2":"type-product","3":"status-publish","4":"has-post-thumbnail","6":"product_cat-arbres-et-arbustes-a-feuilles-caduques","7":"product_tag-naturelle","8":"product_tag-tige","9":"pa_altezza-massima-1000-fr-2","10":"pa_altezza-massima-15-metres","11":"pa_condizionamento-clt-fr","12":"pa_condizionamento-motte","13":"pa_famiglia-fagaceae-fr","14":"pa_genere-quercus-fr","15":"pa_inquinamento-resistance-a-la-pollution","16":"pa_origine-origine-delle-piante-u-s-a","17":"pa_portamento-arrondi","18":"pa_resistenza-climatica-tres-elevee","19":"pa_resistenza-del-suolo-resistant-aux-sols-calcaires","20":"pa_resistenza-del-suolo-resistant-aux-sols-secs","21":"pa_utilizzo-avenues-fr","22":"pa_utilizzo-parcs","23":"pa_utilizzo-petits-jardins","25":"first","26":"instock","27":"purchasable","28":"product-type-simple"},"acf":[],"_links":{"self":[{"href":"https:\/\/innocentiemangonipiante.it\/fr\/wp-json\/wp\/v2\/product\/13234","targetHints":{"allow":["GET"]}}],"collection":[{"href":"https:\/\/innocentiemangonipiante.it\/fr\/wp-json\/wp\/v2\/product"}],"about":[{"href":"https:\/\/innocentiemangonipiante.it\/fr\/wp-json\/wp\/v2\/types\/product"}],"wp:featuredmedia":[{"embeddable":true,"href":"https:\/\/innocentiemangonipiante.it\/fr\/wp-json\/wp\/v2\/media\/5175"}],"wp:attachment":[{"href":"https:\/\/innocentiemangonipiante.it\/fr\/wp-json\/wp\/v2\/media?parent=13234"}],"wp:term":[{"taxonomy":"product_brand","embeddable":true,"href":"https:\/\/innocentiemangonipiante.it\/fr\/wp-json\/wp\/v2\/product_brand?post=13234"},{"taxonomy":"product_cat","embeddable":true,"href":"https:\/\/innocentiemangonipiante.it\/fr\/wp-json\/wp\/v2\/product_cat?post=13234"},{"taxonomy":"product_tag","embeddable":true,"href":"https:\/\/innocentiemangonipiante.it\/fr\/wp-json\/wp\/v2\/product_tag?post=13234"}],"curies":[{"name":"wp","href":"https:\/\/api.w.org\/{rel}","templated":true}]}}