{"id":13235,"date":"2023-11-04T02:52:25","date_gmt":"2023-11-04T01:52:25","guid":{"rendered":"http:\/\/innocentiemangonipiante.it\/quercus-palustris-green-dwarf\/"},"modified":"2023-11-06T15:51:02","modified_gmt":"2023-11-06T14:51:02","slug":"quercus-palustris-green-dwarf","status":"publish","type":"product","link":"https:\/\/innocentiemangonipiante.it\/fr\/quercus-palustris-green-dwarf\/","title":{"rendered":"QUERCUS palustris &lsquo;Green Dwarf&rsquo; \u00ae"},"content":{"rendered":"<p>Arbuste ou petit arbre caduc au port globuleux. Feuilles de 12 \u00e0 15 cm de longueur, profond\u00e9ment lob\u00e9es, de couleur vert fonc\u00e9. Belle coloration automnale passant du rouge, au jaune puis au marron.<\/p>\n","protected":false},"excerpt":{"rendered":"<p>Arbuste ou petit arbre caduc au port globuleux. Feuilles de 12 \u00e0 15 cm de longueur, profond\u00e9ment lob\u00e9es, de couleur vert fonc\u00e9. Belle coloration automnale passant du rouge, au jaune puis au marron.<\/p>\n","protected":false},"featured_media":5169,"template":"","meta":{"_acf_changed":false},"product_brand":[],"product_cat":[8812],"product_tag":[10897,8400],"class_list":{"0":"post-13235","1":"product","2":"type-product","3":"status-publish","4":"has-post-thumbnail","6":"product_cat-arbres-et-arbustes-a-feuilles-caduques","7":"product_tag-naturelle","8":"product_tag-tige","9":"pa_altezza-massima-200-fr","10":"pa_altezza-massima-300-fr-2","11":"pa_condizionamento-clt-fr","12":"pa_famiglia-fagaceae-fr","13":"pa_genere-quercus-fr","14":"pa_inquinamento-resistance-a-la-pollution","15":"pa_origine-hollande","16":"pa_portamento-arrondi","17":"pa_resistenza-climatica-tres-elevee","18":"pa_resistenza-del-suolo-resistant-aux-sols-calcaires","19":"pa_resistenza-del-suolo-resistant-aux-sols-secs","20":"pa_salinita-resistance-a-la-salinisation","21":"pa_utilizzo-petits-jardins","23":"first","24":"instock","25":"purchasable","26":"product-type-simple"},"acf":[],"_links":{"self":[{"href":"https:\/\/innocentiemangonipiante.it\/fr\/wp-json\/wp\/v2\/product\/13235","targetHints":{"allow":["GET"]}}],"collection":[{"href":"https:\/\/innocentiemangonipiante.it\/fr\/wp-json\/wp\/v2\/product"}],"about":[{"href":"https:\/\/innocentiemangonipiante.it\/fr\/wp-json\/wp\/v2\/types\/product"}],"wp:featuredmedia":[{"embeddable":true,"href":"https:\/\/innocentiemangonipiante.it\/fr\/wp-json\/wp\/v2\/media\/5169"}],"wp:attachment":[{"href":"https:\/\/innocentiemangonipiante.it\/fr\/wp-json\/wp\/v2\/media?parent=13235"}],"wp:term":[{"taxonomy":"product_brand","embeddable":true,"href":"https:\/\/innocentiemangonipiante.it\/fr\/wp-json\/wp\/v2\/product_brand?post=13235"},{"taxonomy":"product_cat","embeddable":true,"href":"https:\/\/innocentiemangonipiante.it\/fr\/wp-json\/wp\/v2\/product_cat?post=13235"},{"taxonomy":"product_tag","embeddable":true,"href":"https:\/\/innocentiemangonipiante.it\/fr\/wp-json\/wp\/v2\/product_tag?post=13235"}],"curies":[{"name":"wp","href":"https:\/\/api.w.org\/{rel}","templated":true}]}}