{"id":13236,"date":"2023-11-04T02:52:18","date_gmt":"2023-11-04T01:52:18","guid":{"rendered":"http:\/\/innocentiemangonipiante.it\/quercus-palustris\/"},"modified":"2023-11-06T15:50:59","modified_gmt":"2023-11-06T14:50:59","slug":"quercus-palustris","status":"publish","type":"product","link":"https:\/\/innocentiemangonipiante.it\/fr\/quercus-palustris\/","title":{"rendered":"QUERCUS palustris"},"content":{"rendered":"<p>\u201cCh\u00eane des Marais\u201d. Arbre caduc, amplement conique, au d\u00e9veloppement rapide. Les feuilles elliptiques, lob\u00e9es, luisantes, couleur de vert moyen \u00e0 vert sombre sont d\u2019une longueur de 15 cm et portent de grandes touffes de poils sur l\u2019aisselle de la nervure foliaire inf\u00e9rieure.<\/p>\n","protected":false},"excerpt":{"rendered":"<p>\u201cCh\u00eane des Marais\u201d. Arbre caduc, amplement conique, au d\u00e9veloppement rapide. Les feuilles elliptiques, lob\u00e9es, luisantes, couleur de vert moyen \u00e0 vert sombre sont d\u2019une longueur de 15 cm et portent de grandes touffes de poils sur l\u2019aisselle de la nervure foliaire inf\u00e9rieure.<\/p>\n","protected":false},"featured_media":5163,"template":"","meta":{"_acf_changed":false},"product_brand":[],"product_cat":[8812],"product_tag":[10897,8400],"class_list":{"0":"post-13236","1":"product","2":"type-product","3":"status-publish","4":"has-post-thumbnail","6":"product_cat-arbres-et-arbustes-a-feuilles-caduques","7":"product_tag-naturelle","8":"product_tag-tige","9":"pa_altezza-massima-20-metres","10":"pa_altezza-massima-25-metres","11":"pa_condizionamento-clt-fr","12":"pa_condizionamento-motte","13":"pa_famiglia-fagaceae-fr","14":"pa_genere-quercus-fr","15":"pa_inquinamento-resistance-a-la-pollution","16":"pa_origine-origine-delle-piante-u-s-a","17":"pa_periodo-fioritura-mai","18":"pa_portamento-piramidale-fr","19":"pa_resistenza-climatica-tres-elevee","20":"pa_resistenza-del-suolo-resistant-aux-sols-calcaires","21":"pa_resistenza-del-suolo-resistant-aux-sols-secs","22":"pa_utilizzo-avenues-fr","23":"pa_utilizzo-parcs","25":"first","26":"instock","27":"purchasable","28":"product-type-simple"},"acf":[],"_links":{"self":[{"href":"https:\/\/innocentiemangonipiante.it\/fr\/wp-json\/wp\/v2\/product\/13236","targetHints":{"allow":["GET"]}}],"collection":[{"href":"https:\/\/innocentiemangonipiante.it\/fr\/wp-json\/wp\/v2\/product"}],"about":[{"href":"https:\/\/innocentiemangonipiante.it\/fr\/wp-json\/wp\/v2\/types\/product"}],"wp:featuredmedia":[{"embeddable":true,"href":"https:\/\/innocentiemangonipiante.it\/fr\/wp-json\/wp\/v2\/media\/5163"}],"wp:attachment":[{"href":"https:\/\/innocentiemangonipiante.it\/fr\/wp-json\/wp\/v2\/media?parent=13236"}],"wp:term":[{"taxonomy":"product_brand","embeddable":true,"href":"https:\/\/innocentiemangonipiante.it\/fr\/wp-json\/wp\/v2\/product_brand?post=13236"},{"taxonomy":"product_cat","embeddable":true,"href":"https:\/\/innocentiemangonipiante.it\/fr\/wp-json\/wp\/v2\/product_cat?post=13236"},{"taxonomy":"product_tag","embeddable":true,"href":"https:\/\/innocentiemangonipiante.it\/fr\/wp-json\/wp\/v2\/product_tag?post=13236"}],"curies":[{"name":"wp","href":"https:\/\/api.w.org\/{rel}","templated":true}]}}