{"id":13237,"date":"2023-11-04T02:52:05","date_gmt":"2023-11-04T01:52:05","guid":{"rendered":"http:\/\/innocentiemangonipiante.it\/quercus-macrolepis-hemelrijk-silver\/"},"modified":"2023-11-06T15:50:54","modified_gmt":"2023-11-06T14:50:54","slug":"quercus-macrolepis-hemelrijk-silver","status":"publish","type":"product","link":"https:\/\/innocentiemangonipiante.it\/fr\/quercus-macrolepis-hemelrijk-silver\/","title":{"rendered":"QUERCUS macrolepis &lsquo;Hemelrijk Silver&rsquo;"},"content":{"rendered":"<p>Arbre caduc tr\u00e8s attrayant par son feuillage dentel\u00e9, argent\u00e9 et pubescent. Son tronc et ses branches deviennent sub\u00e9reux avec l\u2019\u00e2ge et ses glands d\u00e9coratifs mesurent jusqu\u2019\u00e0 4 cm. Tr\u00e8s rustique il s\u2019adapte aux terrains pauvres, secs et l\u00e9g\u00e8rement calcaires.<\/p>\n","protected":false},"excerpt":{"rendered":"<p>Arbre caduc tr\u00e8s attrayant par son feuillage dentel\u00e9, argent\u00e9 et pubescent. Son tronc et ses branches deviennent sub\u00e9reux avec l\u2019\u00e2ge et ses glands d\u00e9coratifs mesurent jusqu\u2019\u00e0 4 cm. Tr\u00e8s rustique il s\u2019adapte aux terrains pauvres, secs et l\u00e9g\u00e8rement calcaires.<\/p>\n","protected":false},"featured_media":5156,"template":"","meta":{"_acf_changed":false},"product_brand":[],"product_cat":[8812],"product_tag":[10897,8400],"class_list":{"0":"post-13237","1":"product","2":"type-product","3":"status-publish","4":"has-post-thumbnail","6":"product_cat-arbres-et-arbustes-a-feuilles-caduques","7":"product_tag-naturelle","8":"product_tag-tige","9":"pa_altezza-massima-1000-fr-2","10":"pa_altezza-massima-15-metres","11":"pa_colore-delle-foglie-grises","12":"pa_condizionamento-motte","13":"pa_famiglia-fagaceae-fr","14":"pa_genere-quercus-fr","15":"pa_origine-hollande","16":"pa_portamento-arrondi","17":"pa_resistenza-climatica-tres-elevee","18":"pa_resistenza-del-suolo-resistant-aux-sols-calcaires","19":"pa_resistenza-del-suolo-resistant-aux-sols-secs","20":"pa_utilizzo-parcs","22":"first","23":"instock","24":"purchasable","25":"product-type-simple"},"acf":[],"_links":{"self":[{"href":"https:\/\/innocentiemangonipiante.it\/fr\/wp-json\/wp\/v2\/product\/13237","targetHints":{"allow":["GET"]}}],"collection":[{"href":"https:\/\/innocentiemangonipiante.it\/fr\/wp-json\/wp\/v2\/product"}],"about":[{"href":"https:\/\/innocentiemangonipiante.it\/fr\/wp-json\/wp\/v2\/types\/product"}],"wp:featuredmedia":[{"embeddable":true,"href":"https:\/\/innocentiemangonipiante.it\/fr\/wp-json\/wp\/v2\/media\/5156"}],"wp:attachment":[{"href":"https:\/\/innocentiemangonipiante.it\/fr\/wp-json\/wp\/v2\/media?parent=13237"}],"wp:term":[{"taxonomy":"product_brand","embeddable":true,"href":"https:\/\/innocentiemangonipiante.it\/fr\/wp-json\/wp\/v2\/product_brand?post=13237"},{"taxonomy":"product_cat","embeddable":true,"href":"https:\/\/innocentiemangonipiante.it\/fr\/wp-json\/wp\/v2\/product_cat?post=13237"},{"taxonomy":"product_tag","embeddable":true,"href":"https:\/\/innocentiemangonipiante.it\/fr\/wp-json\/wp\/v2\/product_tag?post=13237"}],"curies":[{"name":"wp","href":"https:\/\/api.w.org\/{rel}","templated":true}]}}