{"id":13238,"date":"2023-11-04T02:55:02","date_gmt":"2023-11-04T01:55:02","guid":{"rendered":"http:\/\/innocentiemangonipiante.it\/quercus-x-kewensis\/"},"modified":"2023-11-06T15:52:35","modified_gmt":"2023-11-06T14:52:35","slug":"quercus-x-kewensis","status":"publish","type":"product","link":"https:\/\/innocentiemangonipiante.it\/fr\/quercus-x-kewensis\/","title":{"rendered":"QUERCUS x kewensis"},"content":{"rendered":"<p>Arbre persistant ou semi-persistant. Vari\u00e9t\u00e9 horticole de r\u00e9cente introduction qui tol\u00e8re les temp\u00e9ratures froides. Feuillage tr\u00e8s similaire \u00e0 celui du Quercus ilex.<\/p>\n","protected":false},"excerpt":{"rendered":"<p>Arbre persistant ou semi-persistant. Vari\u00e9t\u00e9 horticole de r\u00e9cente introduction qui tol\u00e8re les temp\u00e9ratures froides. Feuillage tr\u00e8s similaire \u00e0 celui du Quercus ilex.<\/p>\n","protected":false},"featured_media":5260,"template":"","meta":{"_acf_changed":false},"product_brand":[],"product_cat":[8812],"product_tag":[10897,8400],"class_list":{"0":"post-13238","1":"product","2":"type-product","3":"status-publish","4":"has-post-thumbnail","6":"product_cat-arbres-et-arbustes-a-feuilles-caduques","7":"product_tag-naturelle","8":"product_tag-tige","9":"pa_altezza-massima-800-fr","10":"pa_altezza-massima-12-metres","11":"pa_colore-fioritura-jaune","12":"pa_condizionamento-motte","13":"pa_famiglia-fagaceae-fr","14":"pa_genere-quercus-fr","15":"pa_origine-angleterre","16":"pa_periodo-fioritura-mai","17":"pa_portamento-arrondi","18":"pa_resistenza-climatica-moyenne-elevee","19":"pa_resistenza-del-suolo-resistant-aux-sols-calcaires","20":"pa_resistenza-del-suolo-resistant-aux-sols-secs","21":"pa_utilizzo-parcs","23":"first","24":"instock","25":"purchasable","26":"product-type-simple"},"acf":[],"_links":{"self":[{"href":"https:\/\/innocentiemangonipiante.it\/fr\/wp-json\/wp\/v2\/product\/13238","targetHints":{"allow":["GET"]}}],"collection":[{"href":"https:\/\/innocentiemangonipiante.it\/fr\/wp-json\/wp\/v2\/product"}],"about":[{"href":"https:\/\/innocentiemangonipiante.it\/fr\/wp-json\/wp\/v2\/types\/product"}],"wp:featuredmedia":[{"embeddable":true,"href":"https:\/\/innocentiemangonipiante.it\/fr\/wp-json\/wp\/v2\/media\/5260"}],"wp:attachment":[{"href":"https:\/\/innocentiemangonipiante.it\/fr\/wp-json\/wp\/v2\/media?parent=13238"}],"wp:term":[{"taxonomy":"product_brand","embeddable":true,"href":"https:\/\/innocentiemangonipiante.it\/fr\/wp-json\/wp\/v2\/product_brand?post=13238"},{"taxonomy":"product_cat","embeddable":true,"href":"https:\/\/innocentiemangonipiante.it\/fr\/wp-json\/wp\/v2\/product_cat?post=13238"},{"taxonomy":"product_tag","embeddable":true,"href":"https:\/\/innocentiemangonipiante.it\/fr\/wp-json\/wp\/v2\/product_tag?post=13238"}],"curies":[{"name":"wp","href":"https:\/\/api.w.org\/{rel}","templated":true}]}}