{"id":13239,"date":"2023-11-04T02:51:48","date_gmt":"2023-11-04T01:51:48","guid":{"rendered":"http:\/\/innocentiemangonipiante.it\/quercus-imbricaria\/"},"modified":"2023-11-06T15:50:46","modified_gmt":"2023-11-06T14:50:46","slug":"quercus-imbricaria","status":"publish","type":"product","link":"https:\/\/innocentiemangonipiante.it\/fr\/quercus-imbricaria\/","title":{"rendered":"QUERCUS imbricaria"},"content":{"rendered":"<p>Arbre caduque, ample, avec \u00e9corce lisse, gris-marron et feuilles d\u2019oblongues \u00e0 largement lanc\u00e9ol\u00e9es de couleur vert sombre et la face inf\u00e9rieure recouverte de duvet gris\u00e2tre. Couleur jaune-marron en automne.<\/p>\n","protected":false},"excerpt":{"rendered":"<p>Arbre caduque, ample, avec \u00e9corce lisse, gris-marron et feuilles d\u2019oblongues \u00e0 largement lanc\u00e9ol\u00e9es de couleur vert sombre et la face inf\u00e9rieure recouverte de duvet gris\u00e2tre. Couleur jaune-marron en automne.<\/p>\n","protected":false},"featured_media":5150,"template":"","meta":{"_acf_changed":false},"product_brand":[],"product_cat":[8812],"product_tag":[10897,8400],"class_list":{"0":"post-13239","1":"product","2":"type-product","3":"status-publish","4":"has-post-thumbnail","6":"product_cat-arbres-et-arbustes-a-feuilles-caduques","7":"product_tag-naturelle","8":"product_tag-tige","9":"pa_altezza-massima-15-metres","10":"pa_altezza-massima-20-metres","11":"pa_colore-fioritura-jaune","12":"pa_condizionamento-clt-fr","13":"pa_condizionamento-motte","14":"pa_famiglia-fagaceae-fr","15":"pa_genere-quercus-fr","16":"pa_origine-origine-delle-piante-u-s-a","17":"pa_periodo-fioritura-mai","18":"pa_portamento-arrondi","19":"pa_resistenza-climatica-moyenne-elevee","20":"pa_resistenza-del-suolo-resistant-aux-sols-calcaires","21":"pa_resistenza-del-suolo-resistant-aux-sols-secs","22":"pa_utilizzo-parcs","24":"first","25":"instock","26":"purchasable","27":"product-type-simple"},"acf":[],"_links":{"self":[{"href":"https:\/\/innocentiemangonipiante.it\/fr\/wp-json\/wp\/v2\/product\/13239","targetHints":{"allow":["GET"]}}],"collection":[{"href":"https:\/\/innocentiemangonipiante.it\/fr\/wp-json\/wp\/v2\/product"}],"about":[{"href":"https:\/\/innocentiemangonipiante.it\/fr\/wp-json\/wp\/v2\/types\/product"}],"wp:featuredmedia":[{"embeddable":true,"href":"https:\/\/innocentiemangonipiante.it\/fr\/wp-json\/wp\/v2\/media\/5150"}],"wp:attachment":[{"href":"https:\/\/innocentiemangonipiante.it\/fr\/wp-json\/wp\/v2\/media?parent=13239"}],"wp:term":[{"taxonomy":"product_brand","embeddable":true,"href":"https:\/\/innocentiemangonipiante.it\/fr\/wp-json\/wp\/v2\/product_brand?post=13239"},{"taxonomy":"product_cat","embeddable":true,"href":"https:\/\/innocentiemangonipiante.it\/fr\/wp-json\/wp\/v2\/product_cat?post=13239"},{"taxonomy":"product_tag","embeddable":true,"href":"https:\/\/innocentiemangonipiante.it\/fr\/wp-json\/wp\/v2\/product_tag?post=13239"}],"curies":[{"name":"wp","href":"https:\/\/api.w.org\/{rel}","templated":true}]}}