{"id":13240,"date":"2023-11-04T02:51:12","date_gmt":"2023-11-04T01:51:12","guid":{"rendered":"http:\/\/innocentiemangonipiante.it\/quercus-ilex\/"},"modified":"2023-11-06T15:49:54","modified_gmt":"2023-11-06T14:49:54","slug":"quercus-ilex","status":"publish","type":"product","link":"https:\/\/innocentiemangonipiante.it\/fr\/quercus-ilex\/","title":{"rendered":"QUERCUS ilex"},"content":{"rendered":"<p>\u201cCh\u00eane verte\u201d. Arbre persistant au port arrondi \u00e0 l\u2019\u00e9corce de couleur gris fonc\u00e9 et feuilles oblongues-ov\u00e9es, brillantes, dentel\u00e9es, de couleur vert sombre, plus claires sur la face inf\u00e9rieure. Il necessite d\u2019exposition \u00e0 la lumi\u00e8re, craint le gel prolong\u00e9 (-20\u00b0C) mais surtout l\u2019ombre. Tr\u00e8s r\u00e9sistant \u00e0 la s\u00e9cheresse.<\/p>\n","protected":false},"excerpt":{"rendered":"<p>\u201cCh\u00eane verte\u201d. Arbre persistant au port arrondi \u00e0 l\u2019\u00e9corce de couleur gris fonc\u00e9 et feuilles oblongues-ov\u00e9es, brillantes, dentel\u00e9es, de couleur vert sombre, plus claires sur la face inf\u00e9rieure. Il necessite d\u2019exposition \u00e0 la lumi\u00e8re, craint le gel prolong\u00e9 (-20\u00b0C) mais surtout l\u2019ombre. Tr\u00e8s r\u00e9sistant \u00e0 la s\u00e9cheresse.<\/p>\n","protected":false},"featured_media":5144,"template":"","meta":{"_acf_changed":false},"product_brand":[],"product_cat":[8812,9230],"product_tag":[10897,6265,8596,8497,6267,6255,8572,8750,8543,8400,8420,8408,8412,8404,8424],"class_list":{"0":"post-13240","1":"product","2":"type-product","3":"status-publish","4":"has-post-thumbnail","6":"product_cat-arbres-et-arbustes-a-feuilles-caduques","7":"product_cat-arbres-et-plantes-du-futur","8":"product_tag-naturelle","9":"product_tag-boule","10":"product_tag-cepee","11":"product_tag-cepee-remontee","12":"product_tag-cone","13":"product_tag-demi-tige","14":"product_tag-demi-tige-boule","15":"product_tag-espalier-fr","16":"product_tag-solitaire","17":"product_tag-tige","18":"product_tag-tige-boule","19":"product_tag-tige-cone","20":"product_tag-tige-cube","21":"product_tag-tige-cylindre","22":"product_tag-tige-espalier","23":"pa_altezza-massima-20-metres","24":"pa_altezza-massima-30-metres","25":"pa_colore-fioritura-jaune","26":"pa_condizionamento-clt-fr","27":"pa_condizionamento-pot-de-couleur-rouille","28":"pa_condizionamento-vs-fr","29":"pa_famiglia-fagaceae-fr","30":"pa_genere-quercus-fr","31":"pa_origine-sud-de-leurope-fr","32":"pa_periodo-fioritura-avril","33":"pa_portamento-arrondi","34":"pa_resistenza-climatica-moyenne-elevee","35":"pa_resistenza-del-suolo-resistant-aux-sols-calcaires","36":"pa_resistenza-del-suolo-resistant-aux-sols-secs","37":"pa_salinita-resistance-a-la-salinisation","38":"pa_utilizzo-parcs","40":"first","41":"instock","42":"purchasable","43":"product-type-simple"},"acf":[],"_links":{"self":[{"href":"https:\/\/innocentiemangonipiante.it\/fr\/wp-json\/wp\/v2\/product\/13240","targetHints":{"allow":["GET"]}}],"collection":[{"href":"https:\/\/innocentiemangonipiante.it\/fr\/wp-json\/wp\/v2\/product"}],"about":[{"href":"https:\/\/innocentiemangonipiante.it\/fr\/wp-json\/wp\/v2\/types\/product"}],"wp:featuredmedia":[{"embeddable":true,"href":"https:\/\/innocentiemangonipiante.it\/fr\/wp-json\/wp\/v2\/media\/5144"}],"wp:attachment":[{"href":"https:\/\/innocentiemangonipiante.it\/fr\/wp-json\/wp\/v2\/media?parent=13240"}],"wp:term":[{"taxonomy":"product_brand","embeddable":true,"href":"https:\/\/innocentiemangonipiante.it\/fr\/wp-json\/wp\/v2\/product_brand?post=13240"},{"taxonomy":"product_cat","embeddable":true,"href":"https:\/\/innocentiemangonipiante.it\/fr\/wp-json\/wp\/v2\/product_cat?post=13240"},{"taxonomy":"product_tag","embeddable":true,"href":"https:\/\/innocentiemangonipiante.it\/fr\/wp-json\/wp\/v2\/product_tag?post=13240"}],"curies":[{"name":"wp","href":"https:\/\/api.w.org\/{rel}","templated":true}]}}