{"id":13241,"date":"2023-11-04T02:54:55","date_gmt":"2023-11-04T01:54:55","guid":{"rendered":"http:\/\/innocentiemangonipiante.it\/quercus-x-hispanica-fulhamensis\/"},"modified":"2023-11-06T15:52:32","modified_gmt":"2023-11-06T14:52:32","slug":"quercus-x-hispanica-fulhamensis","status":"publish","type":"product","link":"https:\/\/innocentiemangonipiante.it\/fr\/quercus-x-hispanica-fulhamensis\/","title":{"rendered":"QUERCUS x hispanica &lsquo;Fulhamensis&rsquo;"},"content":{"rendered":"<p>Grand ch\u00eane vert avec la t\u00eate arrondie. Feuillage luisant de couleur vert fonc\u00e9 . \u00c9corce rugueuse, m\u00eame pour les sujets jeunes. S&rsquo;adapte aux sols calcaires.<\/p>\n","protected":false},"excerpt":{"rendered":"<p>Grand ch\u00eane vert avec la t\u00eate arrondie. Feuillage luisant de couleur vert fonc\u00e9 . \u00c9corce rugueuse, m\u00eame pour les sujets jeunes. S&rsquo;adapte aux sols calcaires.<\/p>\n","protected":false},"featured_media":24499,"template":"","meta":{"_acf_changed":false},"product_brand":[],"product_cat":[8812],"product_tag":[10897,8400],"class_list":{"0":"post-13241","1":"product","2":"type-product","3":"status-publish","4":"has-post-thumbnail","6":"product_cat-arbres-et-arbustes-a-feuilles-caduques","7":"product_tag-naturelle","8":"product_tag-tige","9":"pa_altezza-massima-800-fr","10":"pa_altezza-massima-1000-fr-2","11":"pa_condizionamento-motte","12":"pa_famiglia-fagaceae-fr","13":"pa_genere-quercus-fr","14":"pa_origine-origine-delle-piante-u-s-a","15":"pa_portamento-arrondi","16":"pa_resistenza-climatica-moyenne-elevee","17":"pa_resistenza-del-suolo-resistant-aux-sols-calcaires","18":"pa_resistenza-del-suolo-resistant-aux-sols-secs","19":"pa_utilizzo-parcs","21":"first","22":"instock","23":"purchasable","24":"product-type-simple"},"acf":[],"_links":{"self":[{"href":"https:\/\/innocentiemangonipiante.it\/fr\/wp-json\/wp\/v2\/product\/13241","targetHints":{"allow":["GET"]}}],"collection":[{"href":"https:\/\/innocentiemangonipiante.it\/fr\/wp-json\/wp\/v2\/product"}],"about":[{"href":"https:\/\/innocentiemangonipiante.it\/fr\/wp-json\/wp\/v2\/types\/product"}],"wp:featuredmedia":[{"embeddable":true,"href":"https:\/\/innocentiemangonipiante.it\/fr\/wp-json\/wp\/v2\/media\/24499"}],"wp:attachment":[{"href":"https:\/\/innocentiemangonipiante.it\/fr\/wp-json\/wp\/v2\/media?parent=13241"}],"wp:term":[{"taxonomy":"product_brand","embeddable":true,"href":"https:\/\/innocentiemangonipiante.it\/fr\/wp-json\/wp\/v2\/product_brand?post=13241"},{"taxonomy":"product_cat","embeddable":true,"href":"https:\/\/innocentiemangonipiante.it\/fr\/wp-json\/wp\/v2\/product_cat?post=13241"},{"taxonomy":"product_tag","embeddable":true,"href":"https:\/\/innocentiemangonipiante.it\/fr\/wp-json\/wp\/v2\/product_tag?post=13241"}],"curies":[{"name":"wp","href":"https:\/\/api.w.org\/{rel}","templated":true}]}}