{"id":13243,"date":"2023-11-04T02:50:51","date_gmt":"2023-11-04T01:50:51","guid":{"rendered":"http:\/\/innocentiemangonipiante.it\/quercus-frainetto\/"},"modified":"2023-11-06T15:49:46","modified_gmt":"2023-11-06T14:49:46","slug":"quercus-frainetto","status":"publish","type":"product","link":"https:\/\/innocentiemangonipiante.it\/fr\/quercus-frainetto\/","title":{"rendered":"QUERCUS frainetto"},"content":{"rendered":"<p>Arbre caduc \u00e0 croissance rapide, au port \u00e9largi. Les feuilles sont de couleur vert fonc\u00e9, ovales, allong\u00e9es et lob\u00e9es, jusqu\u2019\u00e0 20 cm longues, elles deviennent jaunes \u00e0 l\u2019automne.<\/p>\n","protected":false},"excerpt":{"rendered":"<p>Arbre caduc \u00e0 croissance rapide, au port \u00e9largi. Les feuilles sont de couleur vert fonc\u00e9, ovales, allong\u00e9es et lob\u00e9es, jusqu\u2019\u00e0 20 cm longues, elles deviennent jaunes \u00e0 l\u2019automne.<\/p>\n","protected":false},"featured_media":5137,"template":"","meta":{"_acf_changed":false},"product_brand":[],"product_cat":[8812,9230],"product_tag":[10897,8400],"class_list":{"0":"post-13243","1":"product","2":"type-product","3":"status-publish","4":"has-post-thumbnail","6":"product_cat-arbres-et-arbustes-a-feuilles-caduques","7":"product_cat-arbres-et-plantes-du-futur","8":"product_tag-naturelle","9":"product_tag-tige","10":"pa_altezza-massima-20-metres","11":"pa_altezza-massima-30-metres","12":"pa_condizionamento-clt-fr","13":"pa_condizionamento-motte","14":"pa_famiglia-fagaceae-fr","15":"pa_genere-quercus-fr","16":"pa_origine-europe-centrale","17":"pa_portamento-arrondi","18":"pa_resistenza-climatica-tres-elevee","19":"pa_resistenza-del-suolo-resistant-aux-sols-calcaires","20":"pa_resistenza-del-suolo-resistant-aux-sols-secs","21":"pa_utilizzo-avenues-fr","22":"pa_utilizzo-parcs","24":"first","25":"instock","26":"purchasable","27":"product-type-simple"},"acf":[],"_links":{"self":[{"href":"https:\/\/innocentiemangonipiante.it\/fr\/wp-json\/wp\/v2\/product\/13243","targetHints":{"allow":["GET"]}}],"collection":[{"href":"https:\/\/innocentiemangonipiante.it\/fr\/wp-json\/wp\/v2\/product"}],"about":[{"href":"https:\/\/innocentiemangonipiante.it\/fr\/wp-json\/wp\/v2\/types\/product"}],"wp:featuredmedia":[{"embeddable":true,"href":"https:\/\/innocentiemangonipiante.it\/fr\/wp-json\/wp\/v2\/media\/5137"}],"wp:attachment":[{"href":"https:\/\/innocentiemangonipiante.it\/fr\/wp-json\/wp\/v2\/media?parent=13243"}],"wp:term":[{"taxonomy":"product_brand","embeddable":true,"href":"https:\/\/innocentiemangonipiante.it\/fr\/wp-json\/wp\/v2\/product_brand?post=13243"},{"taxonomy":"product_cat","embeddable":true,"href":"https:\/\/innocentiemangonipiante.it\/fr\/wp-json\/wp\/v2\/product_cat?post=13243"},{"taxonomy":"product_tag","embeddable":true,"href":"https:\/\/innocentiemangonipiante.it\/fr\/wp-json\/wp\/v2\/product_tag?post=13243"}],"curies":[{"name":"wp","href":"https:\/\/api.w.org\/{rel}","templated":true}]}}