{"id":13246,"date":"2023-11-04T02:50:30","date_gmt":"2023-11-04T01:50:30","guid":{"rendered":"http:\/\/innocentiemangonipiante.it\/quercus-coccinea\/"},"modified":"2023-11-06T15:49:38","modified_gmt":"2023-11-06T14:49:38","slug":"quercus-coccinea","status":"publish","type":"product","link":"https:\/\/innocentiemangonipiante.it\/fr\/quercus-coccinea\/","title":{"rendered":"QUERCUS coccinea"},"content":{"rendered":"<p>Arbre caduc arrondi avec \u00e9corce gris-marron clair. Feuilles luisantes vertes fonc\u00e9es de forme elliptique, lob\u00e9es profond\u00e9ment. Feuilles de couleur rouge \u00e0 l\u2019automne.<\/p>\n","protected":false},"excerpt":{"rendered":"<p>Arbre caduc arrondi avec \u00e9corce gris-marron clair. Feuilles luisantes vertes fonc\u00e9es de forme elliptique, lob\u00e9es profond\u00e9ment. Feuilles de couleur rouge \u00e0 l\u2019automne.<\/p>\n","protected":false},"featured_media":5125,"template":"","meta":{"_acf_changed":false},"product_brand":[],"product_cat":[8812],"product_tag":[10897,8596,8400],"class_list":{"0":"post-13246","1":"product","2":"type-product","3":"status-publish","4":"has-post-thumbnail","6":"product_cat-arbres-et-arbustes-a-feuilles-caduques","7":"product_tag-naturelle","8":"product_tag-cepee","9":"product_tag-tige","10":"pa_altezza-massima-15-metres","11":"pa_altezza-massima-20-metres","12":"pa_condizionamento-clt-fr","13":"pa_condizionamento-motte","14":"pa_famiglia-fagaceae-fr","15":"pa_genere-quercus-fr","16":"pa_origine-origine-delle-piante-u-s-a","17":"pa_portamento-piramidale-fr","18":"pa_resistenza-climatica-tres-elevee","19":"pa_resistenza-del-suolo-resistant-aux-sols-calcaires","20":"pa_resistenza-del-suolo-resistant-aux-sols-secs","21":"pa_utilizzo-parcs","23":"first","24":"instock","25":"purchasable","26":"product-type-simple"},"acf":[],"_links":{"self":[{"href":"https:\/\/innocentiemangonipiante.it\/fr\/wp-json\/wp\/v2\/product\/13246","targetHints":{"allow":["GET"]}}],"collection":[{"href":"https:\/\/innocentiemangonipiante.it\/fr\/wp-json\/wp\/v2\/product"}],"about":[{"href":"https:\/\/innocentiemangonipiante.it\/fr\/wp-json\/wp\/v2\/types\/product"}],"wp:featuredmedia":[{"embeddable":true,"href":"https:\/\/innocentiemangonipiante.it\/fr\/wp-json\/wp\/v2\/media\/5125"}],"wp:attachment":[{"href":"https:\/\/innocentiemangonipiante.it\/fr\/wp-json\/wp\/v2\/media?parent=13246"}],"wp:term":[{"taxonomy":"product_brand","embeddable":true,"href":"https:\/\/innocentiemangonipiante.it\/fr\/wp-json\/wp\/v2\/product_brand?post=13246"},{"taxonomy":"product_cat","embeddable":true,"href":"https:\/\/innocentiemangonipiante.it\/fr\/wp-json\/wp\/v2\/product_cat?post=13246"},{"taxonomy":"product_tag","embeddable":true,"href":"https:\/\/innocentiemangonipiante.it\/fr\/wp-json\/wp\/v2\/product_tag?post=13246"}],"curies":[{"name":"wp","href":"https:\/\/api.w.org\/{rel}","templated":true}]}}