{"id":13247,"date":"2023-11-04T02:50:16","date_gmt":"2023-11-04T01:50:16","guid":{"rendered":"http:\/\/innocentiemangonipiante.it\/quercus-cerris\/"},"modified":"2023-11-06T15:49:33","modified_gmt":"2023-11-06T14:49:33","slug":"quercus-cerris","status":"publish","type":"product","link":"https:\/\/innocentiemangonipiante.it\/fr\/quercus-cerris\/","title":{"rendered":"QUERCUS cerris"},"content":{"rendered":"<p>Grand arbre caduc \u00e0 la croissance rapide et au port ample. \u00c9corce de couleur gris clair. Feuilles oblongues \u00e0 elliptiques, profond\u00e9ment lob\u00e9es, d\u2019une longueur de 12 cm, de couleur vert sombre et vert clair sur la face inf\u00e9rieure. Couleur jaune-marron en automne.<\/p>\n","protected":false},"excerpt":{"rendered":"<p>Grand arbre caduc \u00e0 la croissance rapide et au port ample. \u00c9corce de couleur gris clair. Feuilles oblongues \u00e0 elliptiques, profond\u00e9ment lob\u00e9es, d\u2019une longueur de 12 cm, de couleur vert sombre et vert clair sur la face inf\u00e9rieure. Couleur jaune-marron en automne.<\/p>\n","protected":false},"featured_media":5117,"template":"","meta":{"_acf_changed":false},"product_brand":[],"product_cat":[8812],"product_tag":[10897,8596,8400],"class_list":{"0":"post-13247","1":"product","2":"type-product","3":"status-publish","4":"has-post-thumbnail","6":"product_cat-arbres-et-arbustes-a-feuilles-caduques","7":"product_tag-naturelle","8":"product_tag-cepee","9":"product_tag-tige","10":"pa_altezza-massima-20-metres","11":"pa_altezza-massima-30-metres","12":"pa_condizionamento-clt-fr","13":"pa_condizionamento-vs-fr","14":"pa_condizionamento-motte","15":"pa_famiglia-fagaceae-fr","16":"pa_genere-quercus-fr","17":"pa_origine-europe-fr","18":"pa_portamento-piramidale-fr","19":"pa_resistenza-climatica-tres-elevee","20":"pa_resistenza-del-suolo-resistant-aux-sols-calcaires","21":"pa_resistenza-del-suolo-resistant-aux-sols-secs","22":"pa_salinita-resistance-a-la-salinisation","23":"pa_utilizzo-avenues-fr","24":"pa_utilizzo-parcs","26":"first","27":"instock","28":"purchasable","29":"product-type-simple"},"acf":[],"_links":{"self":[{"href":"https:\/\/innocentiemangonipiante.it\/fr\/wp-json\/wp\/v2\/product\/13247","targetHints":{"allow":["GET"]}}],"collection":[{"href":"https:\/\/innocentiemangonipiante.it\/fr\/wp-json\/wp\/v2\/product"}],"about":[{"href":"https:\/\/innocentiemangonipiante.it\/fr\/wp-json\/wp\/v2\/types\/product"}],"wp:featuredmedia":[{"embeddable":true,"href":"https:\/\/innocentiemangonipiante.it\/fr\/wp-json\/wp\/v2\/media\/5117"}],"wp:attachment":[{"href":"https:\/\/innocentiemangonipiante.it\/fr\/wp-json\/wp\/v2\/media?parent=13247"}],"wp:term":[{"taxonomy":"product_brand","embeddable":true,"href":"https:\/\/innocentiemangonipiante.it\/fr\/wp-json\/wp\/v2\/product_brand?post=13247"},{"taxonomy":"product_cat","embeddable":true,"href":"https:\/\/innocentiemangonipiante.it\/fr\/wp-json\/wp\/v2\/product_cat?post=13247"},{"taxonomy":"product_tag","embeddable":true,"href":"https:\/\/innocentiemangonipiante.it\/fr\/wp-json\/wp\/v2\/product_tag?post=13247"}],"curies":[{"name":"wp","href":"https:\/\/api.w.org\/{rel}","templated":true}]}}