{"id":13248,"date":"2023-11-04T02:50:24","date_gmt":"2023-11-04T01:50:24","guid":{"rendered":"http:\/\/innocentiemangonipiante.it\/quercus-coccifera\/"},"modified":"2023-11-06T15:49:36","modified_gmt":"2023-11-06T14:49:36","slug":"quercus-coccifera","status":"publish","type":"product","link":"https:\/\/innocentiemangonipiante.it\/fr\/quercus-coccifera\/","title":{"rendered":"QUERCUS coccifera"},"content":{"rendered":"<p>Arbre petit ou grand arbuste persistant. Tr\u00e8s r\u00e9sistant, il a une croissance lente. Feuilles coriaces \u00e9pineuses &#8211; dentel\u00e9es et peut pousser dans des sols calcaires, pierreux et pauvres. Capable de supporter des temp\u00e9ratures extr\u00eames et de faibles pr\u00e9cipitations, en remplacement de Quercus ilex dans les zones arides, o\u00f9 il excelle dans la r\u00e9sistance \u00e0 la s\u00e9cheresse. Il pousse \u00e9galement dans la zone c\u00f4ti\u00e8re et dans les zones venteuses o\u00f9 d&rsquo;autres esp\u00e8ces ne peuvent pas supporter des conditions m\u00e9t\u00e9orologiques difficiles.<\/p>\n","protected":false},"excerpt":{"rendered":"<p>Arbre petit ou grand arbuste persistant. Tr\u00e8s r\u00e9sistant, il a une croissance lente. Feuilles coriaces \u00e9pineuses &#8211; dentel\u00e9es et peut pousser dans des sols calcaires, pierreux et pauvres. Capable de supporter des temp\u00e9ratures extr\u00eames et de faibles pr\u00e9cipitations, en remplacement de Quercus ilex dans les zones arides, o\u00f9 il excelle dans la r\u00e9sistance \u00e0 la [&hellip;]<\/p>\n","protected":false},"featured_media":24415,"template":"","meta":{"_acf_changed":false},"product_brand":[],"product_cat":[8812],"product_tag":[10897],"class_list":{"0":"post-13248","1":"product","2":"type-product","3":"status-publish","4":"has-post-thumbnail","6":"product_cat-arbres-et-arbustes-a-feuilles-caduques","7":"product_tag-naturelle","8":"pa_altezza-massima-300-fr-2","9":"pa_altezza-massima-500-fr","10":"pa_condizionamento-clt-fr","11":"pa_famiglia-fagaceae-fr","12":"pa_genere-quercus-fr","13":"pa_inquinamento-resistance-a-la-pollution","14":"pa_origine-sud-de-leurope-fr","15":"pa_portamento-arrondi","16":"pa_resistenza-climatica-tres-elevee","17":"pa_resistenza-del-suolo-resistant-aux-sols-calcaires","18":"pa_resistenza-del-suolo-resistant-aux-sols-pauvres","19":"pa_resistenza-del-suolo-resistant-aux-sols-secs","20":"pa_salinita-resistance-a-la-salinisation","21":"pa_utilizzo-petits-jardins","23":"first","24":"instock","25":"purchasable","26":"product-type-simple"},"acf":[],"_links":{"self":[{"href":"https:\/\/innocentiemangonipiante.it\/fr\/wp-json\/wp\/v2\/product\/13248","targetHints":{"allow":["GET"]}}],"collection":[{"href":"https:\/\/innocentiemangonipiante.it\/fr\/wp-json\/wp\/v2\/product"}],"about":[{"href":"https:\/\/innocentiemangonipiante.it\/fr\/wp-json\/wp\/v2\/types\/product"}],"wp:featuredmedia":[{"embeddable":true,"href":"https:\/\/innocentiemangonipiante.it\/fr\/wp-json\/wp\/v2\/media\/24415"}],"wp:attachment":[{"href":"https:\/\/innocentiemangonipiante.it\/fr\/wp-json\/wp\/v2\/media?parent=13248"}],"wp:term":[{"taxonomy":"product_brand","embeddable":true,"href":"https:\/\/innocentiemangonipiante.it\/fr\/wp-json\/wp\/v2\/product_brand?post=13248"},{"taxonomy":"product_cat","embeddable":true,"href":"https:\/\/innocentiemangonipiante.it\/fr\/wp-json\/wp\/v2\/product_cat?post=13248"},{"taxonomy":"product_tag","embeddable":true,"href":"https:\/\/innocentiemangonipiante.it\/fr\/wp-json\/wp\/v2\/product_tag?post=13248"}],"curies":[{"name":"wp","href":"https:\/\/api.w.org\/{rel}","templated":true}]}}